{"id":530741,"date":"2025-09-04T17:31:53","date_gmt":"2025-09-04T14:31:53","guid":{"rendered":"https:\/\/staging.nbg.eu\/product\/pistoletna-drzhka-magpul-moe-k2-za-ak-fde-mag683-fde\/"},"modified":"2025-09-26T16:05:04","modified_gmt":"2025-09-26T13:05:04","slug":"pistoletna-drzhka-magpul-moe-k2-za-ak-fde-mag683-fde","status":"publish","type":"product","link":"https:\/\/staging.nbg.eu\/da\/vare\/pistoletna-drzhka-magpul-moe-k2-za-ak-fde-mag683-fde\/","title":{"rendered":"Pistoletna drzhka Magpul MOE-K2 za AK FDE MAG683-FDE"},"content":{"rendered":"<div class=\"product-description\">\n<h2>Magpul MOE-K2 AK Greb &#8211; FDE (MAG683-FDE)<\/h2>\n<p>Magpul MOE-K2 AK Greb til AK47\/AK74 platformrifler i Flat Dark Earth farve. Dette pistolgreb tilbyder:<\/p>\n<ul>\n<li>Forbedret ergonomi og kontrol<\/li>\n<li>Holdbar polymerkonstruktion med tekstur<\/li>\n<li>Skridsikker greboverflade<\/li>\n<li>Stejlere grebvinkel til moderne skydestillinger<\/li>\n<li>Reduceret h\u00e5ndledstr\u00e6thed ved l\u00e6ngere tids brug<\/li>\n<\/ul>\n<p>Designet af Magpul, producent af v\u00e5bentilbeh\u00f8r. Dette FDE-greb passer til forskellige AK-overflader. MOE-K2 AK Greb forbedrer AK&#8217;ens funktionalitet og udseende.<\/p>\n<p><strong>Producentens varenummer:<\/strong> MAG683-FDE<\/p>\n<p><strong>UPC:<\/strong> 840815117117<\/p>\n<\/div>\n","protected":false},"excerpt":{"rendered":"<p>Magpul MOE-K2 AK-greb: Ergonomisk, skridsikkert, stejlere vinkel for komfort.<\/p>\n","protected":false},"featured_media":0,"template":"","meta":{"_acf_changed":false},"product_brand":[],"product_cat":[],"product_tag":[],"class_list":{"0":"post-530741","1":"product","2":"type-product","3":"status-publish","6":"first","7":"instock","8":"taxable","9":"shipping-taxable","10":"purchasable","11":"product-type-simple"},"acf":[],"_links":{"self":[{"href":"https:\/\/staging.nbg.eu\/da\/wp-json\/wp\/v2\/product\/530741","targetHints":{"allow":["GET"]}}],"collection":[{"href":"https:\/\/staging.nbg.eu\/da\/wp-json\/wp\/v2\/product"}],"about":[{"href":"https:\/\/staging.nbg.eu\/da\/wp-json\/wp\/v2\/types\/product"}],"wp:attachment":[{"href":"https:\/\/staging.nbg.eu\/da\/wp-json\/wp\/v2\/media?parent=530741"}],"wp:term":[{"taxonomy":"product_brand","embeddable":true,"href":"https:\/\/staging.nbg.eu\/da\/wp-json\/wp\/v2\/product_brand?post=530741"},{"taxonomy":"product_cat","embeddable":true,"href":"https:\/\/staging.nbg.eu\/da\/wp-json\/wp\/v2\/product_cat?post=530741"},{"taxonomy":"product_tag","embeddable":true,"href":"https:\/\/staging.nbg.eu\/da\/wp-json\/wp\/v2\/product_tag?post=530741"}],"curies":[{"name":"wp","href":"https:\/\/api.w.org\/{rel}","templated":true}]}}