{"id":52995,"date":"2024-03-08T06:59:20","date_gmt":"2024-09-13T12:46:16","guid":{"rendered":"https:\/\/staging.nbg.eu\/product\/bore-tech-shotgun-blend\/"},"modified":"2024-09-13T12:47:04","modified_gmt":"2024-09-13T12:47:04","slug":"bore-tech-haglgevaer-blanding","status":"publish","type":"product","link":"https:\/\/staging.nbg.eu\/da\/vare\/bore-tech-haglgevaer-blanding\/","title":{"rendered":"Bore Tech Haglgev\u00e6r Blanding"},"content":{"rendered":"<p>\nBore Tech&#8217;s Shotgun Blend er et ammoniakfrit l\u00f8bsrensemiddel til haglgev\u00e6rer. Denne biologisk nedbrydelige formel fjerner bly, krudtrester og plastforurenning fra l\u00f8b, forkamre og chokes. Det er sikkert, lugtfrit og nemt at bruge. Rensemidlet efterlader synlige resultater p\u00e5 rensepropper.<\/p>\n","protected":false},"excerpt":{"rendered":"<p>Kraftfuld l\u00f8bsrenser fjerner bly, kul og plastikbel\u00e6gning p\u00e5 sikker vis.<\/p>\n","protected":false},"featured_media":52996,"template":"","meta":{"_acf_changed":false},"product_brand":[11148],"product_cat":[13134,13120],"product_tag":[],"class_list":{"0":"post-52995","1":"product","2":"type-product","3":"status-publish","4":"has-post-thumbnail","6":"product_brand-boretech","7":"product_cat-rengoringsmidler","8":"product_cat-vabenrensning","10":"first","11":"instock","12":"taxable","13":"shipping-taxable","14":"purchasable","15":"product-type-variable","16":"wvs-archive-product-wrapper"},"acf":[],"_links":{"self":[{"href":"https:\/\/staging.nbg.eu\/da\/wp-json\/wp\/v2\/product\/52995","targetHints":{"allow":["GET"]}}],"collection":[{"href":"https:\/\/staging.nbg.eu\/da\/wp-json\/wp\/v2\/product"}],"about":[{"href":"https:\/\/staging.nbg.eu\/da\/wp-json\/wp\/v2\/types\/product"}],"wp:featuredmedia":[{"embeddable":true,"href":"https:\/\/staging.nbg.eu\/da\/wp-json\/wp\/v2\/media\/52996"}],"wp:attachment":[{"href":"https:\/\/staging.nbg.eu\/da\/wp-json\/wp\/v2\/media?parent=52995"}],"wp:term":[{"taxonomy":"product_brand","embeddable":true,"href":"https:\/\/staging.nbg.eu\/da\/wp-json\/wp\/v2\/product_brand?post=52995"},{"taxonomy":"product_cat","embeddable":true,"href":"https:\/\/staging.nbg.eu\/da\/wp-json\/wp\/v2\/product_cat?post=52995"},{"taxonomy":"product_tag","embeddable":true,"href":"https:\/\/staging.nbg.eu\/da\/wp-json\/wp\/v2\/product_tag?post=52995"}],"curies":[{"name":"wp","href":"https:\/\/api.w.org\/{rel}","templated":true}]}}