{"id":529941,"date":"2025-09-02T20:30:44","date_gmt":"2025-09-02T17:30:44","guid":{"rendered":"https:\/\/staging.nbg.eu\/product\/predna-drzhka-magpul-zhukov-za-ak-47-ak-74-lilava-mag586-plm\/"},"modified":"2025-09-26T15:04:46","modified_gmt":"2025-09-26T12:04:46","slug":"predna-drzhka-magpul-zhukov-za-ak-47ak-74-lilava-mag586-plm","status":"publish","type":"product","link":"https:\/\/staging.nbg.eu\/da\/vare\/predna-drzhka-magpul-zhukov-za-ak-47ak-74-lilava-mag586-plm\/","title":{"rendered":"Predna drzhka Magpul ZHUKOV za AK-47\/AK-74 lilava MAG586 PLM"},"content":{"rendered":"<div class=\"product-description\">\n<h2>Magpul ZHUKOV H\u00e5ndsk\u00e6rm til AK-47\/AK-74 &#8211; Blomme (MAG586-PLM)<\/h2>\n<p>Magpul ZHUKOV h\u00e5ndsk\u00e6rm til AK-47 eller AK-74 i blommefarve. Denne forl\u00e6ngede h\u00e5ndsk\u00e6rm giver en stor gribeflade til moderne skydeteknikker og yderligere monteringsmuligheder for tilbeh\u00f8r.<\/p>\n<ul>\n<li>Kompatibel med de fleste AK-47\/AKM\/AK-74 rifler (l\u00f8bsdiameter 16,75-18,25mm, l\u00e6ngde &gt;13&#8243;)<\/li>\n<li>Fuldt aluminiumschassis med h\u00e5rd anodisering til stabil montering og varmebeskyttelse<\/li>\n<li>Ydre d\u00e6ksel i polymer med huller til M-LOK tilbeh\u00f8r<\/li>\n<li>Inkluderer udskiftning af polymer topd\u00e6ksel<\/li>\n<li>Kompatibel med UltiMAK optikmontering<\/li>\n<li>L\u00e6ngde: 11,7 tommer<\/li>\n<\/ul>\n<p>H\u00e5ndsk\u00e6rm til jagt og skydning.<\/p>\n<\/div>\n","protected":false},"excerpt":{"rendered":"<p>Forl\u00e6nget Magpul ZHUKOV h\u00e5ndst\u00f8tte til AK-47\/AK-74, blommefarvet, M-LOK kompatibel.<\/p>\n","protected":false},"featured_media":0,"template":"","meta":{"_acf_changed":false},"product_brand":[],"product_cat":[],"product_tag":[],"class_list":{"0":"post-529941","1":"product","2":"type-product","3":"status-publish","6":"first","7":"instock","8":"taxable","9":"shipping-taxable","10":"purchasable","11":"product-type-simple"},"acf":[],"_links":{"self":[{"href":"https:\/\/staging.nbg.eu\/da\/wp-json\/wp\/v2\/product\/529941","targetHints":{"allow":["GET"]}}],"collection":[{"href":"https:\/\/staging.nbg.eu\/da\/wp-json\/wp\/v2\/product"}],"about":[{"href":"https:\/\/staging.nbg.eu\/da\/wp-json\/wp\/v2\/types\/product"}],"wp:attachment":[{"href":"https:\/\/staging.nbg.eu\/da\/wp-json\/wp\/v2\/media?parent=529941"}],"wp:term":[{"taxonomy":"product_brand","embeddable":true,"href":"https:\/\/staging.nbg.eu\/da\/wp-json\/wp\/v2\/product_brand?post=529941"},{"taxonomy":"product_cat","embeddable":true,"href":"https:\/\/staging.nbg.eu\/da\/wp-json\/wp\/v2\/product_cat?post=529941"},{"taxonomy":"product_tag","embeddable":true,"href":"https:\/\/staging.nbg.eu\/da\/wp-json\/wp\/v2\/product_tag?post=529941"}],"curies":[{"name":"wp","href":"https:\/\/api.w.org\/{rel}","templated":true}]}}