{"id":529399,"date":"2025-09-02T20:23:55","date_gmt":"2025-09-02T17:23:55","guid":{"rendered":"https:\/\/staging.nbg.eu\/product\/magpul-zhukov-s-stock-for-ak-47-ak-74-mag585\/"},"modified":"2025-09-26T12:41:48","modified_gmt":"2025-09-26T09:41:48","slug":"magpul-zhukov-s-kolbe-til-ak-47-ak-74-mag585","status":"publish","type":"product","link":"https:\/\/staging.nbg.eu\/da\/vare\/magpul-zhukov-s-kolbe-til-ak-47-ak-74-mag585\/","title":{"rendered":"Magpul &#8211; ZHUKOV-S Kolbe til AK-47 \/ AK-74 &#8211; MAG585"},"content":{"rendered":"<div class=\"product-description\">\n<h2>Magpul ZHUKOV-S\u00ae Sk\u00e6fte til AK-47 \/ AK-74 &#8211; MAG585<\/h2>\n<p>ZHUKOV-S\u00ae Folde-sk\u00e6fte til AK47\/AKM\/AK74 karabiner. Dette design tilbyder:<\/p>\n<ul>\n<li>5-positioners justering for at passe arml\u00e6ngde<\/li>\n<li>H\u00f8jresidet foldemekanisme kompatibel med svalehale-optik<\/li>\n<li>Mulighed for at skyde og genlade med foldet sk\u00e6fte<\/li>\n<li>Lavprofil design<\/li>\n<li>Skridsikker gummibagplade, der absorberer rekyl<\/li>\n<li>1,25&#8243; remhul og kompatibilitet med QD-port<\/li>\n<\/ul>\n<p>Vejer 425g og har en l\u00e6ngde p\u00e5 223,5-289,5mm. Fremstillet i USA. Bem\u00e6rk: Ikke kompatibel med jugoslaviske AK&#8217;er, Norinco Type 56S\/MAK-90 eller fr\u00e6sede receivere.<\/p>\n<\/div>\n","protected":false},"excerpt":{"rendered":"<p>Magpul ZHUKOV-S: Foldbar, justerbar AK-kolbe med QD-porte.<\/p>\n","protected":false},"featured_media":491484,"template":"","meta":{"_acf_changed":false},"product_brand":[11545],"product_cat":[13073,13139,13088,13099],"product_tag":[],"class_list":{"0":"post-529399","1":"product","2":"type-product","3":"status-publish","4":"has-post-thumbnail","6":"product_brand-magpul","7":"product_cat-ak-tuning","8":"product_cat-riffel","9":"product_cat-riffel-tuning","10":"product_cat-riffelskaefter","12":"first","13":"instock","14":"taxable","15":"shipping-taxable","16":"purchasable","17":"product-type-variable","18":"wvs-archive-product-wrapper"},"acf":[],"_links":{"self":[{"href":"https:\/\/staging.nbg.eu\/da\/wp-json\/wp\/v2\/product\/529399","targetHints":{"allow":["GET"]}}],"collection":[{"href":"https:\/\/staging.nbg.eu\/da\/wp-json\/wp\/v2\/product"}],"about":[{"href":"https:\/\/staging.nbg.eu\/da\/wp-json\/wp\/v2\/types\/product"}],"wp:featuredmedia":[{"embeddable":true,"href":"https:\/\/staging.nbg.eu\/da\/wp-json\/wp\/v2\/media\/491484"}],"wp:attachment":[{"href":"https:\/\/staging.nbg.eu\/da\/wp-json\/wp\/v2\/media?parent=529399"}],"wp:term":[{"taxonomy":"product_brand","embeddable":true,"href":"https:\/\/staging.nbg.eu\/da\/wp-json\/wp\/v2\/product_brand?post=529399"},{"taxonomy":"product_cat","embeddable":true,"href":"https:\/\/staging.nbg.eu\/da\/wp-json\/wp\/v2\/product_cat?post=529399"},{"taxonomy":"product_tag","embeddable":true,"href":"https:\/\/staging.nbg.eu\/da\/wp-json\/wp\/v2\/product_tag?post=529399"}],"curies":[{"name":"wp","href":"https:\/\/api.w.org\/{rel}","templated":true}]}}