{"id":52889,"date":"2024-03-08T09:51:57","date_gmt":"2024-03-08T09:51:57","guid":{"rendered":"https:\/\/staging.nbg.eu\/product\/bronze-spiral-shotgun-brush\/"},"modified":"2024-09-13T12:44:44","modified_gmt":"2024-09-13T12:44:44","slug":"bronze-spiral-haglgevaersborste","status":"publish","type":"product","link":"https:\/\/staging.nbg.eu\/da\/vare\/bronze-spiral-haglgevaersborste\/","title":{"rendered":"BRONZE SPIRAL HAGLGEV\u00c6RSB\u00d8RSTE"},"content":{"rendered":"<p>Bore Tech&#8217;s bronze spiral haglgev\u00e6r b\u00f8rste har snoede b\u00f8rsteh\u00e5r til reng\u00f8ring uden at beskadige v\u00e5bnet. Lavet af fosfor-bronze, som er sikker for l\u00f8bet. Den fjerner plastikaflejringer og holder l\u00e6ngere end standard b\u00f8rster med metaltr\u00e5de. F\u00e5s i kaliber 10 &#8211; .410, passer til standard 5\/16-27 gevindst\u00e6nger.<\/p>\n","protected":false},"excerpt":{"rendered":"<p>Innovativ spiralb\u00f8rste til grundig og sikker rensning af haglgev\u00e6rsl\u00f8b.<\/p>\n","protected":false},"featured_media":52890,"template":"","meta":{"_acf_changed":false},"product_brand":[11148],"product_cat":[13147,13120],"product_tag":[],"class_list":{"0":"post-52889","1":"product","2":"type-product","3":"status-publish","4":"has-post-thumbnail","6":"product_brand-boretech","7":"product_cat-borster","8":"product_cat-vabenrensning","10":"first","11":"outofstock","12":"taxable","13":"shipping-taxable","14":"purchasable","15":"product-type-simple"},"acf":[],"_links":{"self":[{"href":"https:\/\/staging.nbg.eu\/da\/wp-json\/wp\/v2\/product\/52889","targetHints":{"allow":["GET"]}}],"collection":[{"href":"https:\/\/staging.nbg.eu\/da\/wp-json\/wp\/v2\/product"}],"about":[{"href":"https:\/\/staging.nbg.eu\/da\/wp-json\/wp\/v2\/types\/product"}],"wp:featuredmedia":[{"embeddable":true,"href":"https:\/\/staging.nbg.eu\/da\/wp-json\/wp\/v2\/media\/52890"}],"wp:attachment":[{"href":"https:\/\/staging.nbg.eu\/da\/wp-json\/wp\/v2\/media?parent=52889"}],"wp:term":[{"taxonomy":"product_brand","embeddable":true,"href":"https:\/\/staging.nbg.eu\/da\/wp-json\/wp\/v2\/product_brand?post=52889"},{"taxonomy":"product_cat","embeddable":true,"href":"https:\/\/staging.nbg.eu\/da\/wp-json\/wp\/v2\/product_cat?post=52889"},{"taxonomy":"product_tag","embeddable":true,"href":"https:\/\/staging.nbg.eu\/da\/wp-json\/wp\/v2\/product_tag?post=52889"}],"curies":[{"name":"wp","href":"https:\/\/api.w.org\/{rel}","templated":true}]}}