{"id":527698,"date":"2025-09-02T20:21:13","date_gmt":"2025-09-02T17:21:13","guid":{"rendered":"https:\/\/staging.nbg.eu\/product\/strike-industries-g4-magwell-for-glock-17-22-31-34-35-gen4-si-g4-magwell\/"},"modified":"2025-09-25T22:29:11","modified_gmt":"2025-09-25T19:29:11","slug":"strike-industries-g4-magwell-til-glock-1722313435-gen4-si-g4-magwell","status":"publish","type":"product","link":"https:\/\/staging.nbg.eu\/da\/vare\/strike-industries-g4-magwell-til-glock-1722313435-gen4-si-g4-magwell\/","title":{"rendered":"Strike Industries &#8211; G4 MagWell til Glock 17\/22\/31\/34\/35 Gen4 &#8211; SI-G4-MAGWELL"},"content":{"rendered":"<div class=\"product-description\">\n<h2>Strike Industries G4 MagWell til Glock 17\/22\/31\/34\/35 Gen4<\/h2>\n<p>Strike Industries GEN4 Magwell er designet til lettere magasinopladning, samtidig med at pistolens greb bevares slankt. Dette magwell \u00f8ger konsistens og reducerer opladningstider. Kompatibel med de fleste eftermarkedets magasinbundplader og forl\u00e6ngelser.<\/p>\n<ul>\n<li>Udvidet magwell for nemmere magasininds\u00e6tning<\/li>\n<li>Nem installation med unik l\u00e5semekanisme<\/li>\n<li>Letv\u00e6gts, h\u00f8jstyrke polymerkomposition<\/li>\n<li>Kompatibel med Glock 17\/22\/31\/34\/35 GEN4 modeller<\/li>\n<li>Designet til Glock fabriks +0 bagstrop<\/li>\n<\/ul>\n<p><strong>Bem\u00e6rk:<\/strong> Oversp\u00e6nd ikke s\u00e6tskruen under installation for at undg\u00e5 fejljustering eller skade.<\/p>\n<p>Pakken indeholder: G4 Magwell, S\u00e6tskrue, M2 Unbrakon\u00f8gle og Advarselskort.<\/p>\n<\/div>\n","protected":false},"excerpt":{"rendered":"<p>Forbedr Glock 17\/22\/31\/34\/35 Gen4 genladninger med SI&#8217;s G4 MagWell.<\/p>\n","protected":false},"featured_media":491000,"template":"","meta":{"_acf_changed":false},"product_brand":[11401,11545],"product_cat":[13096,13140],"product_tag":[],"class_list":{"0":"post-527698","1":"product","2":"type-product","3":"status-publish","4":"has-post-thumbnail","6":"product_brand-glock","7":"product_brand-magpul","8":"product_cat-pistol","9":"product_cat-pistoldele","11":"first","12":"instock","13":"taxable","14":"shipping-taxable","15":"purchasable","16":"product-type-simple"},"acf":[],"_links":{"self":[{"href":"https:\/\/staging.nbg.eu\/da\/wp-json\/wp\/v2\/product\/527698","targetHints":{"allow":["GET"]}}],"collection":[{"href":"https:\/\/staging.nbg.eu\/da\/wp-json\/wp\/v2\/product"}],"about":[{"href":"https:\/\/staging.nbg.eu\/da\/wp-json\/wp\/v2\/types\/product"}],"wp:featuredmedia":[{"embeddable":true,"href":"https:\/\/staging.nbg.eu\/da\/wp-json\/wp\/v2\/media\/491000"}],"wp:attachment":[{"href":"https:\/\/staging.nbg.eu\/da\/wp-json\/wp\/v2\/media?parent=527698"}],"wp:term":[{"taxonomy":"product_brand","embeddable":true,"href":"https:\/\/staging.nbg.eu\/da\/wp-json\/wp\/v2\/product_brand?post=527698"},{"taxonomy":"product_cat","embeddable":true,"href":"https:\/\/staging.nbg.eu\/da\/wp-json\/wp\/v2\/product_cat?post=527698"},{"taxonomy":"product_tag","embeddable":true,"href":"https:\/\/staging.nbg.eu\/da\/wp-json\/wp\/v2\/product_tag?post=527698"}],"curies":[{"name":"wp","href":"https:\/\/api.w.org\/{rel}","templated":true}]}}