{"id":526991,"date":"2025-08-25T00:18:45","date_gmt":"2025-08-24T21:18:45","guid":{"rendered":"https:\/\/staging.nbg.eu\/product\/ftcs-enlarged-magazine-catch-with-shelf-ak-platform-no-16\/"},"modified":"2025-09-25T22:05:27","modified_gmt":"2025-09-25T19:05:27","slug":"ftcs-forstorret-magasin-spaerre-med-hylde-ak-platform-no16","status":"publish","type":"product","link":"https:\/\/staging.nbg.eu\/da\/vare\/ftcs-forstorret-magasin-spaerre-med-hylde-ak-platform-no16\/","title":{"rendered":"FTCS &#8211; Forst\u00f8rret Magasin Sp\u00e6rre Med Hylde &#8211; AK platform &#8211; No.16"},"content":{"rendered":"<div class=\"product-description\">\n<h2>FTCS &#8211; Forst\u00f8rret magasinl\u00e5s med hylde &#8211; AK-platform &#8211; Nr. 16<\/h2>\n<p>Denne forst\u00f8rrede magasinl\u00e5s med hylde til AK-platform karabiner muligg\u00f8r hurtig magasinudl\u00f8sning med pegefingeren. Fremstillet af st\u00e5l og overfladebehandlet med Graphite Black H-146 Cerakote.<\/p>\n<h2>Hovedfunktioner:<\/h2>\n<ul>\n<li>Kompatibel med de fleste AK\/AKM\/AK-74 type v\u00e5ben<\/li>\n<li>St\u00e5lkonstruktion<\/li>\n<li>Forst\u00f8rret design<\/li>\n<li>Ekstra hylde til magasinudl\u00f8sning med pegefinger<\/li>\n<\/ul>\n<h2>Tekniske specifikationer:<\/h2>\n<ul>\n<li>Dimensioner: 55 x 52 x 21 mm<\/li>\n<li>V\u00e6gt: 20 g<\/li>\n<li>Overflade: Cerakote Graphite Black H-146<\/li>\n<\/ul>\n<p>FTCS Forst\u00f8rret magasinl\u00e5s med hylde &#8211; Nr. 16 til AK-platform karabiner.<\/p>\n<\/div>\n","protected":false},"excerpt":{"rendered":"<p>AK-platform forbedret magasinudl\u00f8ser med fingerhylde. St\u00e5l, sort.<\/p>\n","protected":false},"featured_media":481337,"template":"","meta":{"_acf_changed":false},"product_brand":[11314],"product_cat":[13073,13139,13088],"product_tag":[],"class_list":{"0":"post-526991","1":"product","2":"type-product","3":"status-publish","4":"has-post-thumbnail","6":"product_brand-ftcs","7":"product_cat-ak-tuning","8":"product_cat-riffel","9":"product_cat-riffel-tuning","11":"first","12":"instock","13":"taxable","14":"shipping-taxable","15":"purchasable","16":"product-type-simple"},"acf":[],"_links":{"self":[{"href":"https:\/\/staging.nbg.eu\/da\/wp-json\/wp\/v2\/product\/526991","targetHints":{"allow":["GET"]}}],"collection":[{"href":"https:\/\/staging.nbg.eu\/da\/wp-json\/wp\/v2\/product"}],"about":[{"href":"https:\/\/staging.nbg.eu\/da\/wp-json\/wp\/v2\/types\/product"}],"wp:featuredmedia":[{"embeddable":true,"href":"https:\/\/staging.nbg.eu\/da\/wp-json\/wp\/v2\/media\/481337"}],"wp:attachment":[{"href":"https:\/\/staging.nbg.eu\/da\/wp-json\/wp\/v2\/media?parent=526991"}],"wp:term":[{"taxonomy":"product_brand","embeddable":true,"href":"https:\/\/staging.nbg.eu\/da\/wp-json\/wp\/v2\/product_brand?post=526991"},{"taxonomy":"product_cat","embeddable":true,"href":"https:\/\/staging.nbg.eu\/da\/wp-json\/wp\/v2\/product_cat?post=526991"},{"taxonomy":"product_tag","embeddable":true,"href":"https:\/\/staging.nbg.eu\/da\/wp-json\/wp\/v2\/product_tag?post=526991"}],"curies":[{"name":"wp","href":"https:\/\/api.w.org\/{rel}","templated":true}]}}