{"id":51891,"date":"2024-03-12T19:14:59","date_gmt":"2024-09-13T11:27:09","guid":{"rendered":"https:\/\/staging.nbg.eu\/product\/bore-tech-cu2-copper-remover\/"},"modified":"2024-09-13T11:27:56","modified_gmt":"2024-09-13T11:27:56","slug":"bore-tech-cu2-kobberfjerning","status":"publish","type":"product","link":"https:\/\/staging.nbg.eu\/da\/vare\/bore-tech-cu2-kobberfjerning\/","title":{"rendered":"Bore Tech CU+2 Kobberfjerning"},"content":{"rendered":"<div class=\"product-description\">\n<h2>Bore Tech CU+2 Kobberfjerner<\/h2>\n<p>Cu+2 Kobberfjerner\u2122 er en patenteret l\u00f8sning til fjernelse af kobberaflejringer. Denne l\u00f8sning er anderledes end traditionelle petroleums-ammoniak-baserede opl\u00f8sningsmidler og tilbyder:<\/p>\n<ul>\n<li>100% sikker for l\u00f8bet og ammoniakfri<\/li>\n<li>Lugtfri og biologisk nedbrydelig<\/li>\n<li>Hurtig og fuldst\u00e6ndig kobberekstraktion<\/li>\n<li>To-trins proces til reng\u00f8ring<\/li>\n<li>Kortvarig rustbeskyttelse<\/li>\n<\/ul>\n<p>Denne kobberfjerner er brugervenlig og ikke-farlig.<\/p>\n<\/div>\n","protected":false},"excerpt":{"rendered":"<p>Patenteret, ammoniakfri kobberfjerner. Hurtigtvirkende, l\u00f8bsikker og lugtfri.<\/p>\n","protected":false},"featured_media":51892,"template":"","meta":{"_acf_changed":false},"product_brand":[11148],"product_cat":[13134,13120],"product_tag":[],"class_list":{"0":"post-51891","1":"product","2":"type-product","3":"status-publish","4":"has-post-thumbnail","6":"product_brand-boretech","7":"product_cat-rengoringsmidler","8":"product_cat-vabenrensning","10":"first","11":"instock","12":"taxable","13":"shipping-taxable","14":"purchasable","15":"product-type-variable","16":"wvs-archive-product-wrapper"},"acf":[],"_links":{"self":[{"href":"https:\/\/staging.nbg.eu\/da\/wp-json\/wp\/v2\/product\/51891","targetHints":{"allow":["GET"]}}],"collection":[{"href":"https:\/\/staging.nbg.eu\/da\/wp-json\/wp\/v2\/product"}],"about":[{"href":"https:\/\/staging.nbg.eu\/da\/wp-json\/wp\/v2\/types\/product"}],"wp:featuredmedia":[{"embeddable":true,"href":"https:\/\/staging.nbg.eu\/da\/wp-json\/wp\/v2\/media\/51892"}],"wp:attachment":[{"href":"https:\/\/staging.nbg.eu\/da\/wp-json\/wp\/v2\/media?parent=51891"}],"wp:term":[{"taxonomy":"product_brand","embeddable":true,"href":"https:\/\/staging.nbg.eu\/da\/wp-json\/wp\/v2\/product_brand?post=51891"},{"taxonomy":"product_cat","embeddable":true,"href":"https:\/\/staging.nbg.eu\/da\/wp-json\/wp\/v2\/product_cat?post=51891"},{"taxonomy":"product_tag","embeddable":true,"href":"https:\/\/staging.nbg.eu\/da\/wp-json\/wp\/v2\/product_tag?post=51891"}],"curies":[{"name":"wp","href":"https:\/\/api.w.org\/{rel}","templated":true}]}}