{"id":51775,"date":"2024-03-13T05:48:23","date_gmt":"2024-03-13T05:48:23","guid":{"rendered":"https:\/\/staging.nbg.eu\/product\/bore-tech-c4-carbon-remover-4-oz\/"},"modified":"2024-09-13T10:07:21","modified_gmt":"2024-09-13T10:07:21","slug":"bore-tech-c4-kulfjerning-4-oz","status":"publish","type":"product","link":"https:\/\/staging.nbg.eu\/da\/vare\/bore-tech-c4-kulfjerning-4-oz\/","title":{"rendered":"Bore Tech C4 Kulfjerning &#8211; 4 Oz"},"content":{"rendered":"<div class=\"product-description\">\n<h2>Bore Tech C4 Kulstoffjerner &#8211; 118 ml<\/h2>\n<p>Bore Tech C4 Kulstoffjerner er en formel, der fjerner kraftig kulstofsaflejring uden de farer, giftighed eller lugte, der findes i andre reng\u00f8ringsmidler. Den er 100% sikker for l\u00f8bet, ikke-farlig og ammoniakfri. Den kan bruges til l\u00f8b, l\u00e5sestole og mere.<\/p>\n<\/div>\n","protected":false},"excerpt":{"rendered":"<p>Kraftfuldt, sikkert karbon-fjernelsesmiddel til skydev\u00e5ben. Hurtigt og effektivt.<\/p>\n","protected":false},"featured_media":51776,"template":"","meta":{"_acf_changed":false},"product_brand":[11148],"product_cat":[13134,13120],"product_tag":[],"class_list":{"0":"post-51775","1":"product","2":"type-product","3":"status-publish","4":"has-post-thumbnail","6":"product_brand-boretech","7":"product_cat-rengoringsmidler","8":"product_cat-vabenrensning","10":"first","11":"instock","12":"taxable","13":"shipping-taxable","14":"purchasable","15":"product-type-variable","16":"wvs-archive-product-wrapper"},"acf":[],"_links":{"self":[{"href":"https:\/\/staging.nbg.eu\/da\/wp-json\/wp\/v2\/product\/51775","targetHints":{"allow":["GET"]}}],"collection":[{"href":"https:\/\/staging.nbg.eu\/da\/wp-json\/wp\/v2\/product"}],"about":[{"href":"https:\/\/staging.nbg.eu\/da\/wp-json\/wp\/v2\/types\/product"}],"wp:featuredmedia":[{"embeddable":true,"href":"https:\/\/staging.nbg.eu\/da\/wp-json\/wp\/v2\/media\/51776"}],"wp:attachment":[{"href":"https:\/\/staging.nbg.eu\/da\/wp-json\/wp\/v2\/media?parent=51775"}],"wp:term":[{"taxonomy":"product_brand","embeddable":true,"href":"https:\/\/staging.nbg.eu\/da\/wp-json\/wp\/v2\/product_brand?post=51775"},{"taxonomy":"product_cat","embeddable":true,"href":"https:\/\/staging.nbg.eu\/da\/wp-json\/wp\/v2\/product_cat?post=51775"},{"taxonomy":"product_tag","embeddable":true,"href":"https:\/\/staging.nbg.eu\/da\/wp-json\/wp\/v2\/product_tag?post=51775"}],"curies":[{"name":"wp","href":"https:\/\/api.w.org\/{rel}","templated":true}]}}