{"id":51636,"date":"2024-03-14T09:15:35","date_gmt":"2024-09-13T10:04:51","guid":{"rendered":"https:\/\/staging.nbg.eu\/product\/boretech-nylon-chamber-brush-multiple-calibers\/"},"modified":"2024-09-13T10:05:34","modified_gmt":"2024-09-13T10:05:34","slug":"boretech-nylon-kammerborste-flere-kalibre","status":"publish","type":"product","link":"https:\/\/staging.nbg.eu\/da\/vare\/boretech-nylon-kammerborste-flere-kalibre\/","title":{"rendered":"BoreTech Nylon Kammerb\u00f8rste (Flere Kalibre)"},"content":{"rendered":"<div class=\"product-description\">\n<h2>BoreTech Nylon Kammerb\u00f8rste (Flere Kalibre)<\/h2>\n<p>Bore Tech&#8217;s Nylon Kammerb\u00f8rster er sikre og effektive. Disse 100% kammer-sikre b\u00f8rster har f\u00f8lgende egenskaber:<\/p>\n<ul>\n<li>Kompatible med hurtigtvirkende kobberfjernende reng\u00f8ringsmidler<\/li>\n<li>Ekstra skrubbende effekt med rillede nylonb\u00f8rster<\/li>\n<li>Tilpassede b\u00f8rstediametre til hver kaliber<\/li>\n<li>Ikke-messing, dobbeltvindet b\u00f8rstekerne med l\u00f8kkeende<\/li>\n<li>Aluminiumsdupper i flykvalitet for holdbarhed<\/li>\n<\/ul>\n<p>Undg\u00e5 falske indikationer p\u00e5 kobberaflejringer og bl\u00e5 pletter forbundet med fosforbronzeb\u00f8rster. F\u00e5s i enkeltpakker til .223\/5.56mm AR-15 og .308\/7.62mm AR-10.<\/p>\n<p>V\u00e6lg Bore Tech til hurtigere og mere effektiv kammerreng\u00f8ring uden at kompromittere dit v\u00e5bens integritet.<\/p>\n<\/div>\n","protected":false},"excerpt":{"rendered":"<p>Sikker, holdbar nylonkammerb\u00f8rste til effektiv reng\u00f8ring af skydev\u00e5ben.<\/p>\n","protected":false},"featured_media":51637,"template":"","meta":{"_acf_changed":false},"product_brand":[11148],"product_cat":[13147,13120],"product_tag":[],"class_list":{"0":"post-51636","1":"product","2":"type-product","3":"status-publish","4":"has-post-thumbnail","6":"product_brand-boretech","7":"product_cat-borster","8":"product_cat-vabenrensning","9":"pa_model-ar-10-da","10":"pa_model-ar-15-da","12":"first","13":"instock","14":"taxable","15":"shipping-taxable","16":"purchasable","17":"product-type-variable","18":"wvs-archive-product-wrapper"},"acf":[],"_links":{"self":[{"href":"https:\/\/staging.nbg.eu\/da\/wp-json\/wp\/v2\/product\/51636","targetHints":{"allow":["GET"]}}],"collection":[{"href":"https:\/\/staging.nbg.eu\/da\/wp-json\/wp\/v2\/product"}],"about":[{"href":"https:\/\/staging.nbg.eu\/da\/wp-json\/wp\/v2\/types\/product"}],"wp:featuredmedia":[{"embeddable":true,"href":"https:\/\/staging.nbg.eu\/da\/wp-json\/wp\/v2\/media\/51637"}],"wp:attachment":[{"href":"https:\/\/staging.nbg.eu\/da\/wp-json\/wp\/v2\/media?parent=51636"}],"wp:term":[{"taxonomy":"product_brand","embeddable":true,"href":"https:\/\/staging.nbg.eu\/da\/wp-json\/wp\/v2\/product_brand?post=51636"},{"taxonomy":"product_cat","embeddable":true,"href":"https:\/\/staging.nbg.eu\/da\/wp-json\/wp\/v2\/product_cat?post=51636"},{"taxonomy":"product_tag","embeddable":true,"href":"https:\/\/staging.nbg.eu\/da\/wp-json\/wp\/v2\/product_tag?post=51636"}],"curies":[{"name":"wp","href":"https:\/\/api.w.org\/{rel}","templated":true}]}}