{"id":51507,"date":"2024-03-15T05:39:44","date_gmt":"2024-09-13T09:59:08","guid":{"rendered":"https:\/\/staging.nbg.eu\/product\/bore-tech-bullet-knock-out-set\/"},"modified":"2024-09-13T09:59:49","modified_gmt":"2024-09-13T09:59:49","slug":"bore-tech-bullet-knock-out-saet","status":"publish","type":"product","link":"https:\/\/staging.nbg.eu\/da\/vare\/bore-tech-bullet-knock-out-saet\/","title":{"rendered":"Bore Tech Bullet Knock-out S\u00e6t"},"content":{"rendered":"<p><strong>Bore Tech Kugle Udsl\u00e5ningss\u00e6t<\/strong> er et v\u00e6rkt\u00f8j til skytter. Dette s\u00e6t indeholder 4 maskinforarbejdede messingspidser, designet til at fjerne fastsiddende kugler eller patronhylstre uden at beskadige pudsestokken. Det er kompatibelt med rifler og pistoler fra kaliber .17 til .50.<\/p>\n","protected":false},"excerpt":{"rendered":"<p>Essentielt v\u00e6rkt\u00f8j til fjernelse af fastsiddende projektiler. 4 messingspidser, kaliber .17-.50.<\/p>\n","protected":false},"featured_media":51508,"template":"","meta":{"_acf_changed":false},"product_brand":[11148],"product_cat":[13147,13120],"product_tag":[],"class_list":{"0":"post-51507","1":"product","2":"type-product","3":"status-publish","4":"has-post-thumbnail","6":"product_brand-boretech","7":"product_cat-borster","8":"product_cat-vabenrensning","10":"first","11":"instock","12":"taxable","13":"shipping-taxable","14":"purchasable","15":"product-type-simple"},"acf":[],"_links":{"self":[{"href":"https:\/\/staging.nbg.eu\/da\/wp-json\/wp\/v2\/product\/51507","targetHints":{"allow":["GET"]}}],"collection":[{"href":"https:\/\/staging.nbg.eu\/da\/wp-json\/wp\/v2\/product"}],"about":[{"href":"https:\/\/staging.nbg.eu\/da\/wp-json\/wp\/v2\/types\/product"}],"wp:featuredmedia":[{"embeddable":true,"href":"https:\/\/staging.nbg.eu\/da\/wp-json\/wp\/v2\/media\/51508"}],"wp:attachment":[{"href":"https:\/\/staging.nbg.eu\/da\/wp-json\/wp\/v2\/media?parent=51507"}],"wp:term":[{"taxonomy":"product_brand","embeddable":true,"href":"https:\/\/staging.nbg.eu\/da\/wp-json\/wp\/v2\/product_brand?post=51507"},{"taxonomy":"product_cat","embeddable":true,"href":"https:\/\/staging.nbg.eu\/da\/wp-json\/wp\/v2\/product_cat?post=51507"},{"taxonomy":"product_tag","embeddable":true,"href":"https:\/\/staging.nbg.eu\/da\/wp-json\/wp\/v2\/product_tag?post=51507"}],"curies":[{"name":"wp","href":"https:\/\/api.w.org\/{rel}","templated":true}]}}