{"id":51415,"date":"2024-03-15T07:11:12","date_gmt":"2024-09-13T09:53:05","guid":{"rendered":"https:\/\/staging.nbg.eu\/product\/bore-tech-shield-xp-rust-preventive\/"},"modified":"2024-09-13T09:53:47","modified_gmt":"2024-09-13T09:53:47","slug":"bore-tech-shield-xp-rustbeskyttelse","status":"publish","type":"product","link":"https:\/\/staging.nbg.eu\/da\/vare\/bore-tech-shield-xp-rustbeskyttelse\/","title":{"rendered":"Bore Tech Shield XP Rustbeskyttelse"},"content":{"rendered":"<h2>Bore Tech Shield XP Rustbeskyttelse<\/h2>\n<p>Beskyt dine skydev\u00e5ben med Bore Tech&#8217;s Shield XP Rustbeskyttelse, en formel der yder beskyttelse mod rust og korrosion. Denne ikke-olierede l\u00f8sning tr\u00e6nger dybt ind, fortr\u00e6nger fugt og neutraliserer korrosive stoffer, og efterlader en usynlig barriere der ikke tiltr\u00e6kker snavs.<\/p>\n<ul>\n<li>Egnet til langtidsopbevaring<\/li>\n<li>Sikker til alle metaller<\/li>\n<li>Overstiger 500 timer i ASTM fugtighedstest<\/li>\n<li>Kokosn\u00f8dduft<\/li>\n<li>Pumpespray flaske<\/li>\n<\/ul>\n<h3>Instruktioner:<\/h3>\n<ol>\n<li>Aflad skydev\u00e5bnet og affedt overflader<\/li>\n<li>Spray eller p\u00e5f\u00f8r Shield XP p\u00e5 metaloverflader<\/li>\n<li>Vent 15 minutter, p\u00e5f\u00f8r andet lag hvis n\u00f8dvendigt<\/li>\n<li>F\u00f8r brug, k\u00f8r en t\u00f8r klud gennem l\u00f8bet<\/li>\n<\/ol>\n<p>Shield XP: Beskyttelse mod rust og korrosion til dine skydev\u00e5ben.<\/p>\n","protected":false},"excerpt":{"rendered":"<p>Langvarig rustbeskyttelse til skydev\u00e5ben.<\/p>\n","protected":false},"featured_media":51319,"template":"","meta":{"_acf_changed":false},"product_brand":[11148],"product_cat":[13108,13120],"product_tag":[],"class_list":{"0":"post-51415","1":"product","2":"type-product","3":"status-publish","4":"has-post-thumbnail","6":"product_brand-boretech","7":"product_cat-smoremidler","8":"product_cat-vabenrensning","10":"first","11":"instock","12":"taxable","13":"shipping-taxable","14":"purchasable","15":"product-type-simple"},"acf":[],"_links":{"self":[{"href":"https:\/\/staging.nbg.eu\/da\/wp-json\/wp\/v2\/product\/51415","targetHints":{"allow":["GET"]}}],"collection":[{"href":"https:\/\/staging.nbg.eu\/da\/wp-json\/wp\/v2\/product"}],"about":[{"href":"https:\/\/staging.nbg.eu\/da\/wp-json\/wp\/v2\/types\/product"}],"wp:featuredmedia":[{"embeddable":true,"href":"https:\/\/staging.nbg.eu\/da\/wp-json\/wp\/v2\/media\/51319"}],"wp:attachment":[{"href":"https:\/\/staging.nbg.eu\/da\/wp-json\/wp\/v2\/media?parent=51415"}],"wp:term":[{"taxonomy":"product_brand","embeddable":true,"href":"https:\/\/staging.nbg.eu\/da\/wp-json\/wp\/v2\/product_brand?post=51415"},{"taxonomy":"product_cat","embeddable":true,"href":"https:\/\/staging.nbg.eu\/da\/wp-json\/wp\/v2\/product_cat?post=51415"},{"taxonomy":"product_tag","embeddable":true,"href":"https:\/\/staging.nbg.eu\/da\/wp-json\/wp\/v2\/product_tag?post=51415"}],"curies":[{"name":"wp","href":"https:\/\/api.w.org\/{rel}","templated":true}]}}