{"id":51318,"date":"2024-03-15T07:47:20","date_gmt":"2024-09-13T09:49:36","guid":{"rendered":"https:\/\/staging.nbg.eu\/product\/boretech-eliminator-4-oz\/"},"modified":"2024-09-13T09:50:24","modified_gmt":"2024-09-13T09:50:24","slug":"boretech-eliminator-4-oz","status":"publish","type":"product","link":"https:\/\/staging.nbg.eu\/da\/vare\/boretech-eliminator-4-oz\/","title":{"rendered":"BoreTech Eliminator &#8211; 4 Oz"},"content":{"rendered":"<div class=\"product-description\">\n<h2>BoreTech Eliminator &#8211; 118 ml<\/h2>\n<p>BoreTech Eliminator\u2122 L\u00f8bsrenser er et patenteret, hurtigtvirkende og l\u00f8bsikkert produkt. Vigtige egenskaber inkluderer:<\/p>\n<ul>\n<li>100% l\u00f8bsikker og bionedbrydelig<\/li>\n<li>Ammoniakfri og lugtfri<\/li>\n<li>Fjerner hurtigt kul, kobber, bly og korrosive rester<\/li>\n<li>Ikke-farlig og brugervenlig<\/li>\n<\/ul>\n<p>Eliminatoren l\u00f8sner kulaflejringer og oxiderer og suspenderer kobberforurening. Dette forhindrer genaflejring og sikrer grundig reng\u00f8ring.<\/p>\n<h3>Instruktioner:<\/h3>\n<ol>\n<li>Fugt 3-4 klude med Eliminator og skub gennem l\u00f8bet i \u00e9n retning<\/li>\n<li>Lav 10-15 genneml\u00f8b med en m\u00e6ttet nylonb\u00f8rste<\/li>\n<li>Gentag trin 1 og lad det virke i 3-5 minutter<\/li>\n<li>Skub t\u00f8rre klude igennem indtil rent<\/li>\n<li>Gentag om n\u00f8dvendigt<\/li>\n<li>P\u00e5f\u00f8r Bore Tech Friction Guard XP vapenolie til opbevaring<\/li>\n<li>K\u00f8r en t\u00f8r klud igennem f\u00f8r brug<\/li>\n<\/ol>\n<p>V\u00e6lg BoreTech Eliminator til reng\u00f8ring og beskyttelse af l\u00f8bet.<\/p>\n<\/div>\n","protected":false},"excerpt":{"rendered":"<p>BoreTech Eliminator: Sikker, kraftfuld l\u00f8bsrenser. Fjerner tilsmudsning.<\/p>\n","protected":false},"featured_media":70972,"template":"","meta":{"_acf_changed":false},"product_brand":[11148],"product_cat":[13134,13120],"product_tag":[],"class_list":{"0":"post-51318","1":"product","2":"type-product","3":"status-publish","4":"has-post-thumbnail","6":"product_brand-boretech","7":"product_cat-rengoringsmidler","8":"product_cat-vabenrensning","10":"first","11":"instock","12":"taxable","13":"shipping-taxable","14":"purchasable","15":"product-type-variable","16":"wvs-archive-product-wrapper"},"acf":[],"_links":{"self":[{"href":"https:\/\/staging.nbg.eu\/da\/wp-json\/wp\/v2\/product\/51318","targetHints":{"allow":["GET"]}}],"collection":[{"href":"https:\/\/staging.nbg.eu\/da\/wp-json\/wp\/v2\/product"}],"about":[{"href":"https:\/\/staging.nbg.eu\/da\/wp-json\/wp\/v2\/types\/product"}],"wp:featuredmedia":[{"embeddable":true,"href":"https:\/\/staging.nbg.eu\/da\/wp-json\/wp\/v2\/media\/70972"}],"wp:attachment":[{"href":"https:\/\/staging.nbg.eu\/da\/wp-json\/wp\/v2\/media?parent=51318"}],"wp:term":[{"taxonomy":"product_brand","embeddable":true,"href":"https:\/\/staging.nbg.eu\/da\/wp-json\/wp\/v2\/product_brand?post=51318"},{"taxonomy":"product_cat","embeddable":true,"href":"https:\/\/staging.nbg.eu\/da\/wp-json\/wp\/v2\/product_cat?post=51318"},{"taxonomy":"product_tag","embeddable":true,"href":"https:\/\/staging.nbg.eu\/da\/wp-json\/wp\/v2\/product_tag?post=51318"}],"curies":[{"name":"wp","href":"https:\/\/api.w.org\/{rel}","templated":true}]}}