{"id":51055,"date":"2024-03-16T18:40:45","date_gmt":"2024-09-13T09:25:03","guid":{"rendered":"https:\/\/staging.nbg.eu\/product\/bore-tech-bronze-stainless-chamber-brush\/"},"modified":"2024-09-13T09:25:46","modified_gmt":"2024-09-13T09:25:46","slug":"bore-tech-bronzerustfrit-stal-kammerborste","status":"publish","type":"product","link":"https:\/\/staging.nbg.eu\/da\/vare\/bore-tech-bronzerustfrit-stal-kammerborste\/","title":{"rendered":"Bore Tech Bronze\/Rustfrit St\u00e5l Kammerb\u00f8rste"},"content":{"rendered":"<h2>Bore Tech Bronze\/Rustfri Kammerb\u00f8rste<\/h2>\n<p>Bore Tech&#8217;s Bronze\/Rustfri Kammerb\u00f8rster er sikre at bruge i kammeret. Disse b\u00f8rster er konstrueret med specifikke egenskaber.<\/p>\n<ul>\n<li>Kombination af bronze og rustfri st\u00e5lb\u00f8rster<\/li>\n<li>Dobbelt skrubbeeffekt for reng\u00f8ring<\/li>\n<li>L\u00f8kkeformet b\u00f8rstekerne uden skarpe ender<\/li>\n<li>Aluminiumsstudser af flykvalitet<\/li>\n<li>Tilg\u00e6ngelig for .223\/5.56mm AR-15 og .308\/7.62mm AR-10<\/li>\n<\/ul>\n<p>Bore Tech&#8217;s b\u00f8rster er designet til kammerreng\u00f8ring.<\/p>\n<h3>Instruktioner:<\/h3>\n<ol>\n<li>Skru b\u00f8rsten p\u00e5 stangen<\/li>\n<li>Fugt b\u00f8rsten med rensemiddel<\/li>\n<li>Inds\u00e6t i kammeret og roter 6-12 gange<\/li>\n<li>Genp\u00e5f\u00f8r opl\u00f8sningsmiddel og forts\u00e6t b\u00f8rstning efter behov<\/li>\n<li>T\u00f8r kammeret rent med en klud<\/li>\n<li>Reng\u00f8r b\u00f8rsterne f\u00f8r opbevaring<\/li>\n<\/ol>\n","protected":false},"excerpt":{"rendered":"<p>Effektiv dobbelt-b\u00f8rstekammer b\u00f8rste til AR-15 og AR-10 rifler.<\/p>\n","protected":false},"featured_media":51056,"template":"","meta":{"_acf_changed":false},"product_brand":[11148],"product_cat":[13147,13120],"product_tag":[],"class_list":{"0":"post-51055","1":"product","2":"type-product","3":"status-publish","4":"has-post-thumbnail","6":"product_brand-boretech","7":"product_cat-borster","8":"product_cat-vabenrensning","9":"pa_model-ar-10-da","10":"pa_model-ar-15-da","12":"first","13":"instock","14":"taxable","15":"shipping-taxable","16":"purchasable","17":"product-type-variable","18":"wvs-archive-product-wrapper"},"acf":[],"_links":{"self":[{"href":"https:\/\/staging.nbg.eu\/da\/wp-json\/wp\/v2\/product\/51055","targetHints":{"allow":["GET"]}}],"collection":[{"href":"https:\/\/staging.nbg.eu\/da\/wp-json\/wp\/v2\/product"}],"about":[{"href":"https:\/\/staging.nbg.eu\/da\/wp-json\/wp\/v2\/types\/product"}],"wp:featuredmedia":[{"embeddable":true,"href":"https:\/\/staging.nbg.eu\/da\/wp-json\/wp\/v2\/media\/51056"}],"wp:attachment":[{"href":"https:\/\/staging.nbg.eu\/da\/wp-json\/wp\/v2\/media?parent=51055"}],"wp:term":[{"taxonomy":"product_brand","embeddable":true,"href":"https:\/\/staging.nbg.eu\/da\/wp-json\/wp\/v2\/product_brand?post=51055"},{"taxonomy":"product_cat","embeddable":true,"href":"https:\/\/staging.nbg.eu\/da\/wp-json\/wp\/v2\/product_cat?post=51055"},{"taxonomy":"product_tag","embeddable":true,"href":"https:\/\/staging.nbg.eu\/da\/wp-json\/wp\/v2\/product_tag?post=51055"}],"curies":[{"name":"wp","href":"https:\/\/api.w.org\/{rel}","templated":true}]}}