{"id":50918,"date":"2024-01-30T18:05:11","date_gmt":"2024-09-13T09:11:53","guid":{"rendered":"https:\/\/staging.nbg.eu\/product\/blue-force-gear-vickers-padded-sling\/"},"modified":"2024-10-30T09:08:55","modified_gmt":"2024-10-30T09:08:55","slug":"blue-force-gear-vickers-polstret-rem","status":"publish","type":"product","link":"https:\/\/staging.nbg.eu\/da\/vare\/blue-force-gear-vickers-polstret-rem\/","title":{"rendered":"Blue Force Gear Vickers Polstret Rem"},"content":{"rendered":"<h2>Blue Force Gear Vickers Polstret Rem<\/h2>\n<p>Vickers Polstret Combat Applications Sling\u2122 er udviklet i samarbejde med Larry Vickers, tidligere medlem af 1st SFOD-Delta. Denne hurtigjusterbare taktiske rem bruges af det amerikanske milit\u00e6r.<\/p>\n<h2>Hovedfunktioner:<\/h2>\n<ul>\n<li>2&#8243; indvendig polstring for \u00f8get komfort<\/li>\n<li>Konstruktion af lukket cellefoam<\/li>\n<li>Hurtigjustering for \u00f8jeblikkelige l\u00e6ngde\u00e6ndringer<\/li>\n<li>Nem overgang fra b\u00e6ring til kampklar position<\/li>\n<li>Fremstillet i USA med kvalitetsmaterialer<\/li>\n<\/ul>\n<p>Vickers Polstret Rem kombinerer komfort og funktionalitet.<\/p>\n","protected":false},"excerpt":{"rendered":"<p>Hurtigt justerbar taktisk rem med polstret komfort til rifler.<\/p>\n","protected":false},"featured_media":50582,"template":"","meta":{"_acf_changed":false},"product_brand":[11124],"product_cat":[13102,13106],"product_tag":[],"class_list":{"0":"post-50918","1":"product","2":"type-product","3":"status-publish","4":"has-post-thumbnail","6":"product_brand-blue-force-gear","7":"product_cat-remme","8":"product_cat-udstyr","10":"first","11":"instock","12":"taxable","13":"shipping-taxable","14":"purchasable","15":"product-type-variable","16":"wvs-archive-product-wrapper"},"acf":[],"_links":{"self":[{"href":"https:\/\/staging.nbg.eu\/da\/wp-json\/wp\/v2\/product\/50918","targetHints":{"allow":["GET"]}}],"collection":[{"href":"https:\/\/staging.nbg.eu\/da\/wp-json\/wp\/v2\/product"}],"about":[{"href":"https:\/\/staging.nbg.eu\/da\/wp-json\/wp\/v2\/types\/product"}],"wp:featuredmedia":[{"embeddable":true,"href":"https:\/\/staging.nbg.eu\/da\/wp-json\/wp\/v2\/media\/50582"}],"wp:attachment":[{"href":"https:\/\/staging.nbg.eu\/da\/wp-json\/wp\/v2\/media?parent=50918"}],"wp:term":[{"taxonomy":"product_brand","embeddable":true,"href":"https:\/\/staging.nbg.eu\/da\/wp-json\/wp\/v2\/product_brand?post=50918"},{"taxonomy":"product_cat","embeddable":true,"href":"https:\/\/staging.nbg.eu\/da\/wp-json\/wp\/v2\/product_cat?post=50918"},{"taxonomy":"product_tag","embeddable":true,"href":"https:\/\/staging.nbg.eu\/da\/wp-json\/wp\/v2\/product_tag?post=50918"}],"curies":[{"name":"wp","href":"https:\/\/api.w.org\/{rel}","templated":true}]}}