{"id":49554,"date":"2024-07-29T13:10:43","date_gmt":"2024-09-12T16:17:11","guid":{"rendered":"https:\/\/staging.nbg.eu\/product\/cobra-buckle-conversion-kit\/"},"modified":"2024-09-12T16:17:54","modified_gmt":"2024-09-12T16:17:54","slug":"cobra-spaende-konverteringssaet","status":"publish","type":"product","link":"https:\/\/staging.nbg.eu\/da\/vare\/cobra-spaende-konverteringssaet\/","title":{"rendered":"COBRA Sp\u00e6nde Konverteringss\u00e6t"},"content":{"rendered":"<div class=\"product-description\">\n<h2>COBRA\u00ae Sp\u00e6nde Konverteringskit til GRID\u2122 B\u00e6lte<\/h2>\n<p>Opgrader dit GRID\u2122 B\u00e6lte med vores COBRA\u00ae Sp\u00e6nde Konverteringskit, der indeholder det patenterede COBRA\u00ae ProStyle sp\u00e6nde. Dette kit tilf\u00f8jer hurtigudl\u00f8sningsfunktion og et robust udseende til dit b\u00e6lte.<\/p>\n<h3>Hovedfunktioner:<\/h3>\n<ul>\n<li>Tilpasset stab-l\u00e5s for j\u00e6vn l\u00e5sning og forebyggelse af utilsigtet \u00e5bning<\/li>\n<li>Opfylder ANSI og CSA standarder<\/li>\n<li>Certificeret for saltt\u00e5ge og sandstorm test<\/li>\n<li>Hurtigudl\u00f8sningsfunktion<\/li>\n<\/ul>\n<p><strong>Bem\u00e6rk:<\/strong> Dette opgraderingskit tilf\u00f8jer ikke belastningskapacitet til GRID B\u00e6ltet. For belastningsklassificerede muligheder, overvej venligst vores CHLK B\u00e6lte.<\/p>\n<\/div>\n","protected":false},"excerpt":{"rendered":"<p>COBRA\u00ae Sp\u00e6ndes\u00e6t: Hurtigudl\u00f8snings-opgradering til GRID\u2122 B\u00e6lte. Sikkert, stilfuldt.<\/p>\n","protected":false},"featured_media":49557,"template":"","meta":{"_acf_changed":false},"product_brand":[],"product_cat":[13125,13106],"product_tag":[],"class_list":{"0":"post-49554","1":"product","2":"type-product","3":"status-publish","4":"has-post-thumbnail","6":"product_cat-taktiske-baelter","7":"product_cat-udstyr","9":"first","10":"instock","11":"taxable","12":"shipping-taxable","13":"purchasable","14":"product-type-variable","15":"wvs-archive-product-wrapper"},"acf":[],"_links":{"self":[{"href":"https:\/\/staging.nbg.eu\/da\/wp-json\/wp\/v2\/product\/49554","targetHints":{"allow":["GET"]}}],"collection":[{"href":"https:\/\/staging.nbg.eu\/da\/wp-json\/wp\/v2\/product"}],"about":[{"href":"https:\/\/staging.nbg.eu\/da\/wp-json\/wp\/v2\/types\/product"}],"wp:featuredmedia":[{"embeddable":true,"href":"https:\/\/staging.nbg.eu\/da\/wp-json\/wp\/v2\/media\/49557"}],"wp:attachment":[{"href":"https:\/\/staging.nbg.eu\/da\/wp-json\/wp\/v2\/media?parent=49554"}],"wp:term":[{"taxonomy":"product_brand","embeddable":true,"href":"https:\/\/staging.nbg.eu\/da\/wp-json\/wp\/v2\/product_brand?post=49554"},{"taxonomy":"product_cat","embeddable":true,"href":"https:\/\/staging.nbg.eu\/da\/wp-json\/wp\/v2\/product_cat?post=49554"},{"taxonomy":"product_tag","embeddable":true,"href":"https:\/\/staging.nbg.eu\/da\/wp-json\/wp\/v2\/product_tag?post=49554"}],"curies":[{"name":"wp","href":"https:\/\/api.w.org\/{rel}","templated":true}]}}