{"id":49346,"date":"2024-07-29T18:42:30","date_gmt":"2024-09-12T16:12:57","guid":{"rendered":"https:\/\/staging.nbg.eu\/product\/large-utility-dapper-pouch\/"},"modified":"2024-09-12T16:13:42","modified_gmt":"2024-09-12T16:13:42","slug":"stor-universal-dapper-lomme","status":"publish","type":"product","link":"https:\/\/staging.nbg.eu\/da\/vare\/stor-universal-dapper-lomme\/","title":{"rendered":"Stor Universal Dapper Lomme"},"content":{"rendered":"<div class=\"product-description\">\n<h2>Stor Utility Pouch<\/h2>\n<p>Denne pouch er designet til at holde de fleste hverdagsgenstande og udstyr. Den kan indeholde opladere, computerudstyr, medicinsk udstyr og v\u00e6rkt\u00f8j.<\/p>\n<ul>\n<li>Hurtig montering og afmontering p\u00e5 enhver l\u00f8kkeflade<\/li>\n<li>To lynl\u00e5se for nem adgang<\/li>\n<li>\u00d8verste b\u00e6reh\u00e5ndtag for praktisk transport<\/li>\n<li>Gennemsigtig top for at se indholdet<\/li>\n<li>Indre l\u00f8kkeflade for yderligere organisering<\/li>\n<li>Krog p\u00e5 bagsiden for montering p\u00e5 forskellige overflader<\/li>\n<\/ul>\n<p>Kan bruges med Blue Force Gear-tasker, Dapper-indsatser eller tilpassede anvendelser.<\/p>\n<\/div>\n","protected":false},"excerpt":{"rendered":"<p>Alsidig, aftagelig taske til hverdagens udstyr og missionens n\u00f8dvendigheder.<\/p>\n","protected":false},"featured_media":49350,"template":"","meta":{"_acf_changed":false},"product_brand":[11124],"product_cat":[13097,13106],"product_tag":[],"class_list":{"0":"post-49346","1":"product","2":"type-product","3":"status-publish","4":"has-post-thumbnail","6":"product_brand-blue-force-gear","7":"product_cat-tasker","8":"product_cat-udstyr","10":"first","11":"instock","12":"taxable","13":"shipping-taxable","14":"purchasable","15":"product-type-simple"},"acf":[],"_links":{"self":[{"href":"https:\/\/staging.nbg.eu\/da\/wp-json\/wp\/v2\/product\/49346","targetHints":{"allow":["GET"]}}],"collection":[{"href":"https:\/\/staging.nbg.eu\/da\/wp-json\/wp\/v2\/product"}],"about":[{"href":"https:\/\/staging.nbg.eu\/da\/wp-json\/wp\/v2\/types\/product"}],"wp:featuredmedia":[{"embeddable":true,"href":"https:\/\/staging.nbg.eu\/da\/wp-json\/wp\/v2\/media\/49350"}],"wp:attachment":[{"href":"https:\/\/staging.nbg.eu\/da\/wp-json\/wp\/v2\/media?parent=49346"}],"wp:term":[{"taxonomy":"product_brand","embeddable":true,"href":"https:\/\/staging.nbg.eu\/da\/wp-json\/wp\/v2\/product_brand?post=49346"},{"taxonomy":"product_cat","embeddable":true,"href":"https:\/\/staging.nbg.eu\/da\/wp-json\/wp\/v2\/product_cat?post=49346"},{"taxonomy":"product_tag","embeddable":true,"href":"https:\/\/staging.nbg.eu\/da\/wp-json\/wp\/v2\/product_tag?post=49346"}],"curies":[{"name":"wp","href":"https:\/\/api.w.org\/{rel}","templated":true}]}}