{"id":48932,"date":"2024-07-29T18:46:44","date_gmt":"2024-09-12T16:04:18","guid":{"rendered":"https:\/\/staging.nbg.eu\/product\/horizontal-ten-speed-single-m4-mag-pouch\/"},"modified":"2024-09-12T16:05:04","modified_gmt":"2024-09-12T16:05:04","slug":"horisontal-ten-speed-enkelt-m4-magasin-lomme","status":"publish","type":"product","link":"https:\/\/staging.nbg.eu\/da\/vare\/horisontal-ten-speed-enkelt-m4-magasin-lomme\/","title":{"rendered":"Horisontal Ten-Speed Enkelt M4 Magasin Lomme"},"content":{"rendered":"<h2>Vandret Ten-Speed\u00ae Enkelt M4 Magasinlomme<\/h2>\n<p>Ten-Speed\u00ae M4 Magasinlommen er designet til at passe p\u00e5 ubrugte MOLLE-webbing sektioner af pladeveste, veste eller b\u00e6lter. Den er konstrueret af elastisk materiale af milit\u00e6r kvalitet.<\/p>\n<ul>\n<li>Kompatibel med 30-skuds STANAG M4 magasiner og de fleste 5,56 magasiner<\/li>\n<li>Passer til st\u00f8rre SMG-magasiner (UMP, CZ Scorpion, P90) og nogle AK-74 magasiner<\/li>\n<li>Fleksible opbevaringsmuligheder: projektiler op\/ned, fremad\/bagud<\/li>\n<li>F\u00e5s i MOLLE-kompatible Helium Whisper og b\u00e6ltemonterede versioner<\/li>\n<li>B\u00e6ltemonteret version passer til b\u00e6lter op til 2&#8243; brede med justerbare hook-and-loop beslag<\/li>\n<\/ul>\n<p>Horizontal Ten-Speed\u00ae Enkelt M4 Magasinlomme er designet til effektiv administration af ammunition.<\/p>\n","protected":false},"excerpt":{"rendered":"<p>Alsidig vandret magasinlomme til M4\/5,56 magasiner. MOLLE- eller b\u00e6ltebeslag.<\/p>\n","protected":false},"featured_media":48939,"template":"","meta":{"_acf_changed":false},"product_brand":[11124],"product_cat":[13082,13097,13106],"product_tag":[],"class_list":{"0":"post-48932","1":"product","2":"type-product","3":"status-publish","4":"has-post-thumbnail","6":"product_brand-blue-force-gear","7":"product_cat-magasinholdere","8":"product_cat-tasker","9":"product_cat-udstyr","11":"first","12":"instock","13":"taxable","14":"shipping-taxable","15":"purchasable","16":"product-type-simple"},"acf":[],"_links":{"self":[{"href":"https:\/\/staging.nbg.eu\/da\/wp-json\/wp\/v2\/product\/48932","targetHints":{"allow":["GET"]}}],"collection":[{"href":"https:\/\/staging.nbg.eu\/da\/wp-json\/wp\/v2\/product"}],"about":[{"href":"https:\/\/staging.nbg.eu\/da\/wp-json\/wp\/v2\/types\/product"}],"wp:featuredmedia":[{"embeddable":true,"href":"https:\/\/staging.nbg.eu\/da\/wp-json\/wp\/v2\/media\/48939"}],"wp:attachment":[{"href":"https:\/\/staging.nbg.eu\/da\/wp-json\/wp\/v2\/media?parent=48932"}],"wp:term":[{"taxonomy":"product_brand","embeddable":true,"href":"https:\/\/staging.nbg.eu\/da\/wp-json\/wp\/v2\/product_brand?post=48932"},{"taxonomy":"product_cat","embeddable":true,"href":"https:\/\/staging.nbg.eu\/da\/wp-json\/wp\/v2\/product_cat?post=48932"},{"taxonomy":"product_tag","embeddable":true,"href":"https:\/\/staging.nbg.eu\/da\/wp-json\/wp\/v2\/product_tag?post=48932"}],"curies":[{"name":"wp","href":"https:\/\/api.w.org\/{rel}","templated":true}]}}