{"id":48674,"date":"2024-07-29T19:00:12","date_gmt":"2024-09-12T15:53:32","guid":{"rendered":"https:\/\/staging.nbg.eu\/product\/ten-speed-single-pistol-mag-pouch\/"},"modified":"2024-09-12T15:54:18","modified_gmt":"2024-09-12T15:54:18","slug":"ten-speed-enkelt-pistol-magasin-lomme","status":"publish","type":"product","link":"https:\/\/staging.nbg.eu\/da\/vare\/ten-speed-enkelt-pistol-magasin-lomme\/","title":{"rendered":"Ten-Speed Enkelt Pistol Magasin Lomme"},"content":{"rendered":"<h2>Ten-Speed\u00ae Enkelt Pistolmagasinlomme<\/h2>\n<p>Vores Ten-Speed\u00ae Enkelt Pistolmagasinlomme er designet til taktisk brug. Denne lomme kan rumme:<\/p>\n<ul>\n<li>Enkelt eller dobbelt stacks pistolmagasiner (op til HK 45)<\/li>\n<li>Multiv\u00e6rkt\u00f8jer<\/li>\n<li>Lommelygter<\/li>\n<li>Knive<\/li>\n<li>Sm\u00e5 peberspray<\/li>\n<\/ul>\n<p>Lommen er fremstillet af elastik og ULTRAcomp\u2122 materiale og ligger fladt, n\u00e5r den ikke er i brug. Helium Whisper\u00ae fastg\u00f8relsessystemet sikrer MOLLE-kompatibilitet og reducerer v\u00e6gten med op til 60%.<\/p>\n<p>St\u00f8rrelse: 0,3 cm x 5 cm x 10 cm (2&#215;1 MOLLE felt p\u00e5kr\u00e6vet)<\/p>\n<p>Lommen har forbedret fastg\u00f8relse og holdbarhed.<\/p>\n","protected":false},"excerpt":{"rendered":"<p>Hurtig-adgang, ultralette pistolmagasinlommer til enkelt\/dobbelt-stakkede magasiner.<\/p>\n","protected":false},"featured_media":33827,"template":"","meta":{"_acf_changed":false},"product_brand":[11124],"product_cat":[13082,13097,13106],"product_tag":[],"class_list":{"0":"post-48674","1":"product","2":"type-product","3":"status-publish","4":"has-post-thumbnail","6":"product_brand-blue-force-gear","7":"product_cat-magasinholdere","8":"product_cat-tasker","9":"product_cat-udstyr","11":"first","12":"instock","13":"taxable","14":"shipping-taxable","15":"purchasable","16":"product-type-variable","17":"wvs-archive-product-wrapper"},"acf":[],"_links":{"self":[{"href":"https:\/\/staging.nbg.eu\/da\/wp-json\/wp\/v2\/product\/48674","targetHints":{"allow":["GET"]}}],"collection":[{"href":"https:\/\/staging.nbg.eu\/da\/wp-json\/wp\/v2\/product"}],"about":[{"href":"https:\/\/staging.nbg.eu\/da\/wp-json\/wp\/v2\/types\/product"}],"wp:featuredmedia":[{"embeddable":true,"href":"https:\/\/staging.nbg.eu\/da\/wp-json\/wp\/v2\/media\/33827"}],"wp:attachment":[{"href":"https:\/\/staging.nbg.eu\/da\/wp-json\/wp\/v2\/media?parent=48674"}],"wp:term":[{"taxonomy":"product_brand","embeddable":true,"href":"https:\/\/staging.nbg.eu\/da\/wp-json\/wp\/v2\/product_brand?post=48674"},{"taxonomy":"product_cat","embeddable":true,"href":"https:\/\/staging.nbg.eu\/da\/wp-json\/wp\/v2\/product_cat?post=48674"},{"taxonomy":"product_tag","embeddable":true,"href":"https:\/\/staging.nbg.eu\/da\/wp-json\/wp\/v2\/product_tag?post=48674"}],"curies":[{"name":"wp","href":"https:\/\/api.w.org\/{rel}","templated":true}]}}