{"id":48324,"date":"2024-07-30T17:59:23","date_gmt":"2024-09-12T15:32:54","guid":{"rendered":"https:\/\/staging.nbg.eu\/product\/red-dot-sight-holosun-he508t-rd-x2\/"},"modified":"2024-09-12T15:33:31","modified_gmt":"2024-09-12T15:33:31","slug":"rodpunkt-sigte-holosun-he508t-rd-x2","status":"publish","type":"product","link":"https:\/\/staging.nbg.eu\/da\/vare\/rodpunkt-sigte-holosun-he508t-rd-x2\/","title":{"rendered":"R\u00f8dpunkt Sigte Holosun HE508T-RD-X2"},"content":{"rendered":"<div class=\"product-description\">\n<h2>Holosun HE508T-RD X2 R\u00f8dpunktsigte<\/h2>\n<p>Holosun HE508T-RD X2 er et \u00e5bent reflekssigte designet til kr\u00e6vende anvendelser. Dette sigte kombinerer holdbarhed, alsidighed og teknologi.<\/p>\n<h2>Hovedfunktioner:<\/h2>\n<ul>\n<li><strong>Titaniumkonstruktion:<\/strong> Grade 5 titaniumhus sikrer holdbarhed og lav v\u00e6gt.<\/li>\n<li><strong>Multi-Retikel System (MRS):<\/strong> V\u00e6lg mellem 2 MOA prik, 32 MOA cirkel eller en cirkel-prik kombination.<\/li>\n<li><strong>Batterilevetid:<\/strong> Op til 50.000 timer fra et enkelt CR1632 batteri ved indstilling 6.<\/li>\n<li><strong>Solcelle-backup:<\/strong> Sikrer fortsat drift, hvis batteriet svigter.<\/li>\n<li><strong>Shake Awake-teknologi:<\/strong> Aktiverer sigtet, n\u00e5r bev\u00e6gelse registreres.<\/li>\n<li><strong>L\u00e5setilstand:<\/strong> Forhindrer utilsigtede \u00e6ndringer af indstillinger under brug.<\/li>\n<li><strong>Nattesyn-kompatibilitet:<\/strong> To af de 12 lysstyrkeindstillinger er optimeret til brug med nattesyn.<\/li>\n<\/ul>\n<h2>Tekniske specifikationer:<\/h2>\n<ul>\n<li>Vindue st\u00f8rrelse: 0,63&#8243; x 0,91&#8243;<\/li>\n<li>Dimensioner: 1,78&#8243; x 1,15&#8243; x 1,15&#8243;<\/li>\n<li>V\u00e6gt: 2 oz<\/li>\n<li>Justering pr. klik: 1 MOA<\/li>\n<li>Vind- og h\u00f8jdejusteringsomr\u00e5de: \u00b150 MOA<\/li>\n<li>Driftstemperatur: -30\u00b0C til 60\u00b0C<\/li>\n<li>Vandmodstand: IP67-klassificeret<\/li>\n<li>Vibrationsmodstand: 5000G<\/li>\n<\/ul>\n<p>HE508T-RD X2 er designet til at modst\u00e5 barske forhold. Dets parallaksefri design og ubegr\u00e6nset \u00f8jeafstand g\u00f8r det velegnet til hurtige skydescenarier. Batteriskuffen g\u00f8r det muligt at skifte batteri uden at fjerne sigtet fra v\u00e5bnet.<\/p>\n<p>HE508T-RD X2 tilbyder p\u00e5lidelighed, pr\u00e6cision og alsidighed til konkurrenceskytter, retsh\u00e5ndh\u00e6velsespersonale og v\u00e5benentusiaster.<\/p>\n<\/div>\n","protected":false},"excerpt":{"rendered":"<p>Titanium \u00e5bent reflekssigte til h\u00e5ndv\u00e5ben. Flere sigtem\u00f8nstre, lang batterilevetid.<\/p>\n","protected":false},"featured_media":48325,"template":"","meta":{"_acf_changed":false},"product_brand":[11423],"product_cat":[13096,13095,13116,13115],"product_tag":[],"class_list":{"0":"post-48324","1":"product","2":"type-product","3":"status-publish","4":"has-post-thumbnail","6":"product_brand-holosun","7":"product_cat-pistol","8":"product_cat-pistolsigte","9":"product_cat-rodpunktsigte","10":"product_cat-sigte","12":"first","13":"instock","14":"taxable","15":"shipping-taxable","16":"purchasable","17":"product-type-simple"},"acf":[],"_links":{"self":[{"href":"https:\/\/staging.nbg.eu\/da\/wp-json\/wp\/v2\/product\/48324","targetHints":{"allow":["GET"]}}],"collection":[{"href":"https:\/\/staging.nbg.eu\/da\/wp-json\/wp\/v2\/product"}],"about":[{"href":"https:\/\/staging.nbg.eu\/da\/wp-json\/wp\/v2\/types\/product"}],"wp:featuredmedia":[{"embeddable":true,"href":"https:\/\/staging.nbg.eu\/da\/wp-json\/wp\/v2\/media\/48325"}],"wp:attachment":[{"href":"https:\/\/staging.nbg.eu\/da\/wp-json\/wp\/v2\/media?parent=48324"}],"wp:term":[{"taxonomy":"product_brand","embeddable":true,"href":"https:\/\/staging.nbg.eu\/da\/wp-json\/wp\/v2\/product_brand?post=48324"},{"taxonomy":"product_cat","embeddable":true,"href":"https:\/\/staging.nbg.eu\/da\/wp-json\/wp\/v2\/product_cat?post=48324"},{"taxonomy":"product_tag","embeddable":true,"href":"https:\/\/staging.nbg.eu\/da\/wp-json\/wp\/v2\/product_tag?post=48324"}],"curies":[{"name":"wp","href":"https:\/\/api.w.org\/{rel}","templated":true}]}}