{"id":48178,"date":"2024-07-30T18:00:01","date_gmt":"2024-09-12T15:20:57","guid":{"rendered":"https:\/\/staging.nbg.eu\/product\/red-dot-sight-holosun-hs507k\/"},"modified":"2024-09-12T15:21:35","modified_gmt":"2024-09-12T15:21:35","slug":"rodpunkt-sigte-holosun-hs507k","status":"publish","type":"product","link":"https:\/\/staging.nbg.eu\/da\/vare\/rodpunkt-sigte-holosun-hs507k\/","title":{"rendered":"R\u00f8dpunkt Sigte Holosun HS507K"},"content":{"rendered":"<h2>Holosun HS507K X2 R\u00f8dpunktsigte<\/h2>\n<p>Holosun HS507K X2 er et \u00e5bent reflekssigte designet til subkompakte pistoler. Dette sigte har en Lock Mode-funktion, der l\u00e5ser knapindstillingerne for at forhindre utilsigtede \u00e6ndringer.<\/p>\n<h2>Hovedfunktioner:<\/h2>\n<ul>\n<li>R\u00f8d Super LED med op til 50.000 timers batterilevetid<\/li>\n<li>Multi-Reticle System (MRS): Cirkelprik, 2 MOA prik og 32 MOA cirkel<\/li>\n<li>Shake Awake-teknologi til \u00f8jeblikkelig aktivering<\/li>\n<li>7075 Aluminiumshus<\/li>\n<li>Sidemonteret bakke til nem udskiftning af 1632-batteri<\/li>\n<li>Kompatibel med P365X\/XL (adapterplade kr\u00e6ves til fire-boss interface slides)<\/li>\n<\/ul>\n<h2>Specifikationer:<\/h2>\n<ul>\n<li>12 lysstyrkeindstillinger: 10 dagslys &amp; 2 nattesynskompatible<\/li>\n<li>Parallaksefri &amp; ubegr\u00e6nset \u00f8jenafstand<\/li>\n<li>IP67 vandt\u00e6thedsklassificering<\/li>\n<li>Vindusst\u00f8rrelse: 0,58&#8243; x 0,77&#8243;<\/li>\n<li>Dimensioner: 1,6&#8243; x 0,98&#8243; x 0,95&#8243;<\/li>\n<li>V\u00e6gt: 28,3 g<\/li>\n<li>1 MOA klikjustering<\/li>\n<li>\u00b130 MOA vindage- og h\u00f8jdeindstillingsomr\u00e5de<\/li>\n<li>Driftstemperatur: -20\u00b0C til 51\u00b0C<\/li>\n<li>Opbevaringstemperatur: -20\u00b0C til 65\u00b0C<\/li>\n<li>Vibrationsmodstand: 5000G<\/li>\n<\/ul>\n<p>HS507K X2 er egnet til skjulte b\u00e6rev\u00e5ben (CCW). Det er kompakt og designet til forbedret m\u00e5lopfangelse. Det er konstrueret til at v\u00e6re holdbart og har avancerede funktioner. Det kan bruges til at forbedre pr\u00e6cision og hastighed ved m\u00e5lopfangelse.<\/p>\n","protected":false},"excerpt":{"rendered":"<p>Kompakt r\u00f8dpunktsigte til pistoler. Flere sigtem\u00f8nstre, lang batterilevetid, holdbar.<\/p>\n","protected":false},"featured_media":48179,"template":"","meta":{"_acf_changed":false},"product_brand":[11423],"product_cat":[13096,13095,13116,13115],"product_tag":[],"class_list":{"0":"post-48178","1":"product","2":"type-product","3":"status-publish","4":"has-post-thumbnail","6":"product_brand-holosun","7":"product_cat-pistol","8":"product_cat-pistolsigte","9":"product_cat-rodpunktsigte","10":"product_cat-sigte","12":"first","13":"instock","14":"taxable","15":"shipping-taxable","16":"purchasable","17":"product-type-simple"},"acf":[],"_links":{"self":[{"href":"https:\/\/staging.nbg.eu\/da\/wp-json\/wp\/v2\/product\/48178","targetHints":{"allow":["GET"]}}],"collection":[{"href":"https:\/\/staging.nbg.eu\/da\/wp-json\/wp\/v2\/product"}],"about":[{"href":"https:\/\/staging.nbg.eu\/da\/wp-json\/wp\/v2\/types\/product"}],"wp:featuredmedia":[{"embeddable":true,"href":"https:\/\/staging.nbg.eu\/da\/wp-json\/wp\/v2\/media\/48179"}],"wp:attachment":[{"href":"https:\/\/staging.nbg.eu\/da\/wp-json\/wp\/v2\/media?parent=48178"}],"wp:term":[{"taxonomy":"product_brand","embeddable":true,"href":"https:\/\/staging.nbg.eu\/da\/wp-json\/wp\/v2\/product_brand?post=48178"},{"taxonomy":"product_cat","embeddable":true,"href":"https:\/\/staging.nbg.eu\/da\/wp-json\/wp\/v2\/product_cat?post=48178"},{"taxonomy":"product_tag","embeddable":true,"href":"https:\/\/staging.nbg.eu\/da\/wp-json\/wp\/v2\/product_tag?post=48178"}],"curies":[{"name":"wp","href":"https:\/\/api.w.org\/{rel}","templated":true}]}}