{"id":47680,"date":"2024-07-30T18:21:46","date_gmt":"2024-09-12T13:52:08","guid":{"rendered":"https:\/\/staging.nbg.eu\/product\/surefire-supressor-alighnment-rod\/"},"modified":"2024-09-12T13:52:54","modified_gmt":"2024-09-12T13:52:54","slug":"surefire-lyddaemper-justeringsstang","status":"publish","type":"product","link":"https:\/\/staging.nbg.eu\/da\/vare\/surefire-lyddaemper-justeringsstang\/","title":{"rendered":"Surefire Lydd\u00e6mper Justeringsstang"},"content":{"rendered":"<p style=\"text-align: center\"><span style=\"font-size: 170%\"><strong>SureFire L\u00f8bsretningsst\u00e6nger<\/strong><\/span><\/p>\n<p>SureFire L\u00f8bsst\u00e6nger er v\u00e6rkt\u00f8jer, der sikrer korrekt koncentricitet langs projektilbanen ved skydning med lydd\u00e6mper p\u00e5 en ny platform. Stangen repr\u00e6senterer projektilbanen og viser eventuel fejljustering. SureFire anbefaler at verificere l\u00f8b-til-adapter-til-lydd\u00e6mper justering p\u00e5 enhver ny ops\u00e6tning, og SureFire L\u00f8bsst\u00e6nger er den mest effektive m\u00e5de at bekr\u00e6fte dette p\u00e5. V\u00e6lg den tilsvarende stang til dit kaliber riffel eller karabin.<\/p>\n<p><span style=\"color: #282828\"><strong><span style=\"font-size: 150%\">EGENSKABER:<\/span><\/strong><\/span><\/p>\n<p style=\"padding-left: 40px\"><span style=\"color: #282828\"><strong>\u2588 <\/strong><\/span>Fremstillet i USA.<\/p>\n<p style=\"padding-left: 40px\"><span style=\"color: #282828\"><strong>\u2588 <\/strong><\/span>Varmebehandlet rustfrit st\u00e5l.<\/p>\n<p style=\"padding-left: 40px\"><span style=\"color: #282828\"><strong>\u2588 <\/strong><\/span>Til validering af ops\u00e6tning f\u00f8r f\u00f8rste skud affyres.<\/p>\n<p style=\"padding-left: 40px\"><span style=\"color: #282828\"><strong>\u2588 <\/strong><\/span>Pr\u00e6cisionsfremstillede st\u00e6nger til n\u00f8jagtig verifikation.<\/p>\n<p style=\"padding-left: 40px\"><span style=\"color: #282828\"><strong>\u2588 <\/strong><\/span>Pr\u00e6cisionsfremstillet stang viser enhver afvigelse i justeringen.<\/p>\n<p style=\"padding-left: 40px\"><span style=\"color: #282828\"><strong>\u2588 <\/strong><\/span>Den SureFire-godkendte m\u00e5de at verificere korrekt lydd\u00e6mperjustering.<\/p>\n<p style=\"padding-left: 40px\"><span style=\"color: #282828\"><strong>\u2588 <\/strong><\/span>Specifikke kaliber-st\u00e6nger til de mest popul\u00e6re muligheder p\u00e5 markedet i dag.<\/p>\n<p style=\"padding-left: 40px\"><span style=\"color: #282828\"><strong>\u2588 <\/strong><\/span>Ens mellemrum b\u00f8r ses mellem lydd\u00e6mperens boring og centreret stang.<\/p>\n<p style=\"padding-left: 40px\"><span style=\"color: #282828\"><strong>\u2588 <\/strong><\/span>Inds\u00e6t stangen gennem den monterede lydd\u00e6mper p\u00e5 et uladet v\u00e5ben.<\/p>\n<p style=\"padding-left: 40px\"><span style=\"color: #282828\"><strong>\u2588 <\/strong><\/span>Specifikke st\u00e6nger tilg\u00e6ngelige for de mest popul\u00e6re kalibre, dvs. (5,56 mm, 6,5 mm, 6,8 mm, 7,62 mm, 9 mm, .338)<\/p>\n<table width=\"595\">\n<tbody>\n<tr>\n<td colspan=\"2\" width=\"595\"><span style=\"font-size: 150%;color: #282828\"><b>N\u00d8GLEEGENSKABER<\/b><\/span><\/td>\n<\/tr>\n<tr>\n<td width=\"198\"><b>KALIBER<\/b><\/td>\n<td width=\"397\">5,56 mm, 6,5 mm, 6,8 mm, 7,62 mm, 9 mm, .338 kal<\/td>\n<\/tr>\n<tr>\n<td width=\"198\"><b>KONSTRUKTION<\/b><\/td>\n<td width=\"397\">Varmebehandlet rustfrit st\u00e5l<\/td>\n<\/tr>\n<\/tbody>\n<\/table>\n","protected":false},"excerpt":{"rendered":"<p><strong>SureFire Lydd\u00e6mper Justeringsv\u00e6rkt\u00f8jer<\/strong><\/p>\n","protected":false},"featured_media":47682,"template":"","meta":{"_acf_changed":false},"product_brand":[11861],"product_cat":[13074,13111,13142],"product_tag":[],"class_list":{"0":"post-47680","1":"product","2":"type-product","3":"status-publish","4":"has-post-thumbnail","6":"product_brand-surefire","7":"product_cat-lyddaempere","8":"product_cat-lyddaempertilbehor","9":"product_cat-vaerktoj","11":"first","12":"instock","13":"taxable","14":"shipping-taxable","15":"purchasable","16":"product-type-variable","17":"wvs-archive-product-wrapper"},"acf":[],"_links":{"self":[{"href":"https:\/\/staging.nbg.eu\/da\/wp-json\/wp\/v2\/product\/47680","targetHints":{"allow":["GET"]}}],"collection":[{"href":"https:\/\/staging.nbg.eu\/da\/wp-json\/wp\/v2\/product"}],"about":[{"href":"https:\/\/staging.nbg.eu\/da\/wp-json\/wp\/v2\/types\/product"}],"wp:featuredmedia":[{"embeddable":true,"href":"https:\/\/staging.nbg.eu\/da\/wp-json\/wp\/v2\/media\/47682"}],"wp:attachment":[{"href":"https:\/\/staging.nbg.eu\/da\/wp-json\/wp\/v2\/media?parent=47680"}],"wp:term":[{"taxonomy":"product_brand","embeddable":true,"href":"https:\/\/staging.nbg.eu\/da\/wp-json\/wp\/v2\/product_brand?post=47680"},{"taxonomy":"product_cat","embeddable":true,"href":"https:\/\/staging.nbg.eu\/da\/wp-json\/wp\/v2\/product_cat?post=47680"},{"taxonomy":"product_tag","embeddable":true,"href":"https:\/\/staging.nbg.eu\/da\/wp-json\/wp\/v2\/product_tag?post=47680"}],"curies":[{"name":"wp","href":"https:\/\/api.w.org\/{rel}","templated":true}]}}