{"id":47544,"date":"2024-07-30T18:46:42","date_gmt":"2024-09-12T13:44:53","guid":{"rendered":"https:\/\/staging.nbg.eu\/product\/surefire-dg-11-switch\/"},"modified":"2024-09-12T13:45:30","modified_gmt":"2024-09-12T13:45:30","slug":"surefire-dg-11-kontakt","status":"publish","type":"product","link":"https:\/\/staging.nbg.eu\/da\/vare\/surefire-dg-11-kontakt\/","title":{"rendered":"SureFire DG-11 KONTAKT"},"content":{"rendered":"<div class=\"product-description\">\n<h2>SureFire DG-11 KONTAKT<\/h2>\n<p>SureFire DG-11 KONTAKT er designet til Glock Gen 3\/4\/5 pistoler med tilbeh\u00f8rsskinner. Denne grebskontakt tilbyder:<\/p>\n<ul>\n<li>Aktivering af v\u00e5benlys uden at kompromittere grebet<\/li>\n<li>Ambidekstr\u00f8s dobbelt momentan og konstant tryk\/skiftekontakt<\/li>\n<li>Minimal centralmonteret pude for kontrol<\/li>\n<li>Kompatibilitet med X-Serie v\u00e5benlys (undtagen XH50G)<\/li>\n<\/ul>\n<p>DG-11 giver brugere mulighed for at aktivere deres lys med fingertryk, mens de opretholder et fast greb p\u00e5 v\u00e5bnet. Dette design sikrer hurtig og pr\u00e6cis lyskontrol i pressede situationer, hvilket g\u00f8r det til et tilbeh\u00f8r for retsh\u00e5ndh\u00e6velse, milit\u00e6rt personel og v\u00e5benejere.<\/p>\n<\/div>\n","protected":false},"excerpt":{"rendered":"<p>Grebmonteret kontakt til pr\u00e6cis WeaponLight-kontrol p\u00e5 Glock-pistoler.<\/p>\n","protected":false},"featured_media":47545,"template":"","meta":{"_acf_changed":false},"product_brand":[11861],"product_cat":[13130,13154,13123],"product_tag":[],"class_list":{"0":"post-47544","1":"product","2":"type-product","3":"status-publish","4":"has-post-thumbnail","6":"product_brand-surefire","7":"product_cat-lygter","8":"product_cat-lygtetilbehor","9":"product_cat-pistollygter","11":"first","12":"instock","13":"taxable","14":"shipping-taxable","15":"purchasable","16":"product-type-simple"},"acf":[],"_links":{"self":[{"href":"https:\/\/staging.nbg.eu\/da\/wp-json\/wp\/v2\/product\/47544","targetHints":{"allow":["GET"]}}],"collection":[{"href":"https:\/\/staging.nbg.eu\/da\/wp-json\/wp\/v2\/product"}],"about":[{"href":"https:\/\/staging.nbg.eu\/da\/wp-json\/wp\/v2\/types\/product"}],"wp:featuredmedia":[{"embeddable":true,"href":"https:\/\/staging.nbg.eu\/da\/wp-json\/wp\/v2\/media\/47545"}],"wp:attachment":[{"href":"https:\/\/staging.nbg.eu\/da\/wp-json\/wp\/v2\/media?parent=47544"}],"wp:term":[{"taxonomy":"product_brand","embeddable":true,"href":"https:\/\/staging.nbg.eu\/da\/wp-json\/wp\/v2\/product_brand?post=47544"},{"taxonomy":"product_cat","embeddable":true,"href":"https:\/\/staging.nbg.eu\/da\/wp-json\/wp\/v2\/product_cat?post=47544"},{"taxonomy":"product_tag","embeddable":true,"href":"https:\/\/staging.nbg.eu\/da\/wp-json\/wp\/v2\/product_tag?post=47544"}],"curies":[{"name":"wp","href":"https:\/\/api.w.org\/{rel}","templated":true}]}}