{"id":46925,"date":"2024-07-30T19:11:42","date_gmt":"2024-09-12T12:42:57","guid":{"rendered":"https:\/\/staging.nbg.eu\/product\/surefire-scout-light-rear-cap\/"},"modified":"2024-09-12T12:43:38","modified_gmt":"2024-09-12T12:43:38","slug":"surefire-scout-light-bagdaeksel","status":"publish","type":"product","link":"https:\/\/staging.nbg.eu\/da\/vare\/surefire-scout-light-bagdaeksel\/","title":{"rendered":"SureFire SCOUT LIGHT BAGD\u00c6KSEL"},"content":{"rendered":"<div class=\"product-description\">\n<h2>SureFire SCOUT LIGHT BAGENDEH\u00c6TTE<\/h2>\n<p>En erstatningsbagendeh\u00e6tte til din Scout Light, designet for \u00f8get alsidighed og funktionalitet.<\/p>\n<h3>Hovedfunktioner:<\/h3>\n<ul>\n<li>Kompatibel med SureFire tapekontakter (ST07 ikke inkluderet)<\/li>\n<li>L\u00e5sefunktion forhindrer utilsigtet aktivering<\/li>\n<li>Konstrueret i rumfartskvalitet aluminium<\/li>\n<li>Mil-Spec Type III h\u00e5rd-anodiseret finish<\/li>\n<li>F\u00e5s i Sort eller \u00d8rken Tan<\/li>\n<\/ul>\n<p>Denne bagendeh\u00e6tte g\u00f8r det muligt at p\u00e5s\u00e6tte en SureFire tapekontakt, hvilket giver st\u00f8rre kontrol under taktiske operationer. L\u00e5sefunktionen sikrer sikkerhed under transport og opbevaring.<\/p>\n<h3>Kompatibilitet:<\/h3>\n<p>Passer til Scout Light v\u00e5benlygter og lommelygter med 0,75&#8243; diameter kontakt, herunder:<\/p>\n<ul>\n<li>E1E-HA, E1B, E1L-HA-WH<\/li>\n<li>E2D-BK, E2DL-BK, E2L-HA-WH<\/li>\n<li>L4-HA-WH<\/li>\n<\/ul>\n<p><strong>Bem\u00e6rk:<\/strong> Ikke kompatibel med Micro Scout Light Pro<\/p>\n<p>Forbedrer din Scout Lights ydeevne med denne holdbare og alsidige bagendeh\u00e6tte.<\/p>\n<\/div>\n","protected":false},"excerpt":{"rendered":"<p>Erstatningsendekapsel til Scout-lygter. Muligg\u00f8r brug af tapekontakt.<\/p>\n","protected":false},"featured_media":46926,"template":"","meta":{"_acf_changed":false},"product_brand":[11861],"product_cat":[13130,13154,13139],"product_tag":[],"class_list":{"0":"post-46925","1":"product","2":"type-product","3":"status-publish","4":"has-post-thumbnail","6":"product_brand-surefire","7":"product_cat-lygter","8":"product_cat-lygtetilbehor","9":"product_cat-riffel","11":"first","12":"instock","13":"taxable","14":"shipping-taxable","15":"purchasable","16":"product-type-variable","17":"wvs-archive-product-wrapper"},"acf":[],"_links":{"self":[{"href":"https:\/\/staging.nbg.eu\/da\/wp-json\/wp\/v2\/product\/46925","targetHints":{"allow":["GET"]}}],"collection":[{"href":"https:\/\/staging.nbg.eu\/da\/wp-json\/wp\/v2\/product"}],"about":[{"href":"https:\/\/staging.nbg.eu\/da\/wp-json\/wp\/v2\/types\/product"}],"wp:featuredmedia":[{"embeddable":true,"href":"https:\/\/staging.nbg.eu\/da\/wp-json\/wp\/v2\/media\/46926"}],"wp:attachment":[{"href":"https:\/\/staging.nbg.eu\/da\/wp-json\/wp\/v2\/media?parent=46925"}],"wp:term":[{"taxonomy":"product_brand","embeddable":true,"href":"https:\/\/staging.nbg.eu\/da\/wp-json\/wp\/v2\/product_brand?post=46925"},{"taxonomy":"product_cat","embeddable":true,"href":"https:\/\/staging.nbg.eu\/da\/wp-json\/wp\/v2\/product_cat?post=46925"},{"taxonomy":"product_tag","embeddable":true,"href":"https:\/\/staging.nbg.eu\/da\/wp-json\/wp\/v2\/product_tag?post=46925"}],"curies":[{"name":"wp","href":"https:\/\/api.w.org\/{rel}","templated":true}]}}