{"id":46860,"date":"2024-07-30T19:11:42","date_gmt":"2024-09-12T12:28:29","guid":{"rendered":"https:\/\/staging.nbg.eu\/product\/surefire-csm-07-weaponlight-switch\/"},"modified":"2024-09-12T12:29:09","modified_gmt":"2024-09-12T12:29:09","slug":"surefire-csm-07-vabenlyskontakt","status":"publish","type":"product","link":"https:\/\/staging.nbg.eu\/da\/vare\/surefire-csm-07-vabenlyskontakt\/","title":{"rendered":"SureFire CSM-07 V\u00c5BENLYSKONTAKT"},"content":{"rendered":"<h2>SureFire CSM-07 V\u00c5BENLYS-KONTAKT<\/h2>\n<p>SureFire CSM-07 V\u00c5BENLYS-KONTAKT er et fjernaktiveringssystem designet til SureFire v\u00e5benlys med kontaktstik.<\/p>\n<h2>Vigtige egenskaber:<\/h2>\n<ul>\n<li>Enkelt kontakt til momentan og konstant aktivering<\/li>\n<li>Montering p\u00e5 M-LOK-skinne med medf\u00f8lgende beslag<\/li>\n<li>Pladsbesparende design<\/li>\n<li>Kabinet i holdbart polymer<\/li>\n<li>Fremstillet efter SureFires standarder<\/li>\n<\/ul>\n<p>CSM-07 giver kontrol: let tryk for momentan aktivering eller klik for konstant aktivering. Designet sparer plads p\u00e5 skinnen.<\/p>\n<h2>Kompatibilitet:<\/h2>\n<p>Passer til SureFire v\u00e5benlys med stik, herunder Millennium Universal, Classic Universal, Scout Light (med stikforsynet endeh\u00e6tte), X300 og X400 (med XT-endeh\u00e6tte).<\/p>\n<p>CSM-07 giver p\u00e5lidelig lysaktivering.<\/p>\n","protected":false},"excerpt":{"rendered":"<p>Fjernbetjent SureFire v\u00e5benlyskontakt til M-LOK-skinner. Kompakt design.<\/p>\n","protected":false},"featured_media":46861,"template":"","meta":{"_acf_changed":false},"product_brand":[11861],"product_cat":[13130,13154],"product_tag":[],"class_list":{"0":"post-46860","1":"product","2":"type-product","3":"status-publish","4":"has-post-thumbnail","6":"product_brand-surefire","7":"product_cat-lygter","8":"product_cat-lygtetilbehor","10":"first","11":"instock","12":"taxable","13":"shipping-taxable","14":"purchasable","15":"product-type-simple"},"acf":[],"_links":{"self":[{"href":"https:\/\/staging.nbg.eu\/da\/wp-json\/wp\/v2\/product\/46860","targetHints":{"allow":["GET"]}}],"collection":[{"href":"https:\/\/staging.nbg.eu\/da\/wp-json\/wp\/v2\/product"}],"about":[{"href":"https:\/\/staging.nbg.eu\/da\/wp-json\/wp\/v2\/types\/product"}],"wp:featuredmedia":[{"embeddable":true,"href":"https:\/\/staging.nbg.eu\/da\/wp-json\/wp\/v2\/media\/46861"}],"wp:attachment":[{"href":"https:\/\/staging.nbg.eu\/da\/wp-json\/wp\/v2\/media?parent=46860"}],"wp:term":[{"taxonomy":"product_brand","embeddable":true,"href":"https:\/\/staging.nbg.eu\/da\/wp-json\/wp\/v2\/product_brand?post=46860"},{"taxonomy":"product_cat","embeddable":true,"href":"https:\/\/staging.nbg.eu\/da\/wp-json\/wp\/v2\/product_cat?post=46860"},{"taxonomy":"product_tag","embeddable":true,"href":"https:\/\/staging.nbg.eu\/da\/wp-json\/wp\/v2\/product_tag?post=46860"}],"curies":[{"name":"wp","href":"https:\/\/api.w.org\/{rel}","templated":true}]}}