{"id":46758,"date":"2024-07-30T19:41:53","date_gmt":"2024-09-12T12:04:12","guid":{"rendered":"https:\/\/staging.nbg.eu\/product\/iosso-pistol-brush\/"},"modified":"2024-09-12T12:05:17","modified_gmt":"2024-09-12T12:05:17","slug":"iosso-pistol-borste","status":"publish","type":"product","link":"https:\/\/staging.nbg.eu\/da\/vare\/iosso-pistol-borste\/","title":{"rendered":"Iosso Pistol B\u00f8rste"},"content":{"rendered":"<p>\n<strong>Iosso Pistolb\u00f8rste<\/strong> er et v\u00e6rkt\u00f8j til reng\u00f8ring af l\u00f8b:<\/p>\n<ul>\n<li>Bl\u00e5 fibre for identifikation<\/li>\n<li>Tykkere, stivere b\u00f8rsteh\u00e5r til frem-og-tilbage bev\u00e6gelse<\/li>\n<li>8-10 gange mere holdbar end traditionelle b\u00f8rster<\/li>\n<li>T\u00e6t viklet med flere fibre per tomme<\/li>\n<li>Egnet til brug med Iosso L\u00f8brens og Triple Action Solution<\/li>\n<li>Fjerner alle typer af aflejringer<\/li>\n<li>Reducerer reng\u00f8ringstiden for et rent l\u00f8b<\/li>\n<\/ul>\n<p>F\u00e5s i forskellige st\u00f8relser til skydev\u00e5ben. Bl\u00e5 b\u00f8rster er et varem\u00e6rke tilh\u00f8rende Iosso Products.<\/p>\n","protected":false},"excerpt":{"rendered":"<p>Holdbar kobolbl\u00e5 pistolb\u00f8rste til effektiv og grundig l\u00f8brensning.<\/p>\n","protected":false},"featured_media":107486,"template":"","meta":{"_acf_changed":false},"product_brand":[11470],"product_cat":[13147,13120],"product_tag":[],"class_list":{"0":"post-46758","1":"product","2":"type-product","3":"status-publish","4":"has-post-thumbnail","6":"product_brand-iosso","7":"product_cat-borster","8":"product_cat-vabenrensning","10":"first","11":"instock","12":"taxable","13":"shipping-taxable","14":"purchasable","15":"product-type-variable","16":"wvs-archive-product-wrapper"},"acf":[],"_links":{"self":[{"href":"https:\/\/staging.nbg.eu\/da\/wp-json\/wp\/v2\/product\/46758","targetHints":{"allow":["GET"]}}],"collection":[{"href":"https:\/\/staging.nbg.eu\/da\/wp-json\/wp\/v2\/product"}],"about":[{"href":"https:\/\/staging.nbg.eu\/da\/wp-json\/wp\/v2\/types\/product"}],"wp:featuredmedia":[{"embeddable":true,"href":"https:\/\/staging.nbg.eu\/da\/wp-json\/wp\/v2\/media\/107486"}],"wp:attachment":[{"href":"https:\/\/staging.nbg.eu\/da\/wp-json\/wp\/v2\/media?parent=46758"}],"wp:term":[{"taxonomy":"product_brand","embeddable":true,"href":"https:\/\/staging.nbg.eu\/da\/wp-json\/wp\/v2\/product_brand?post=46758"},{"taxonomy":"product_cat","embeddable":true,"href":"https:\/\/staging.nbg.eu\/da\/wp-json\/wp\/v2\/product_cat?post=46758"},{"taxonomy":"product_tag","embeddable":true,"href":"https:\/\/staging.nbg.eu\/da\/wp-json\/wp\/v2\/product_tag?post=46758"}],"curies":[{"name":"wp","href":"https:\/\/api.w.org\/{rel}","templated":true}]}}