{"id":46539,"date":"2024-07-30T19:46:24","date_gmt":"2024-09-11T16:03:57","guid":{"rendered":"https:\/\/staging.nbg.eu\/product\/iosso-rifle-brush\/"},"modified":"2024-09-11T16:05:30","modified_gmt":"2024-09-11T16:05:30","slug":"iosso-riffel-borste","status":"publish","type":"product","link":"https:\/\/staging.nbg.eu\/da\/vare\/iosso-riffel-borste\/","title":{"rendered":"Iosso Riffel B\u00f8rste"},"content":{"rendered":"<p>\nRiffel b\u00f8rste i koboltbl\u00e5 fra Iosso Products. Egenskaber:<\/p>\n<ul>\n<li>Tykkere, stivere fibre til frem-og-tilbage reng\u00f8ring<\/li>\n<li>T\u00e6t snoet med flere fibre per tomme<\/li>\n<li>Kan genbruges flere gange<\/li>\n<li>Velegnet til brug med Iosso Bore Cleaner<\/li>\n<li>Fjerner alle typer af tilsmudsning<\/li>\n<li>Reducerer reng\u00f8ringstiden<\/li>\n<\/ul>\n<p>Effektiv l\u00f8breng\u00f8ring.<\/p>\n","protected":false},"excerpt":{"rendered":"<p>Holdbar kobboltbl\u00e5 riffelrenseb\u00f8rste til effektiv og langvarig rensning af l\u00f8bet.<\/p>\n","protected":false},"featured_media":107417,"template":"","meta":{"_acf_changed":false},"product_brand":[11470],"product_cat":[13147,13120],"product_tag":[],"class_list":{"0":"post-46539","1":"product","2":"type-product","3":"status-publish","4":"has-post-thumbnail","6":"product_brand-iosso","7":"product_cat-borster","8":"product_cat-vabenrensning","10":"first","11":"instock","12":"taxable","13":"shipping-taxable","14":"purchasable","15":"product-type-variable","16":"wvs-archive-product-wrapper"},"acf":[],"_links":{"self":[{"href":"https:\/\/staging.nbg.eu\/da\/wp-json\/wp\/v2\/product\/46539","targetHints":{"allow":["GET"]}}],"collection":[{"href":"https:\/\/staging.nbg.eu\/da\/wp-json\/wp\/v2\/product"}],"about":[{"href":"https:\/\/staging.nbg.eu\/da\/wp-json\/wp\/v2\/types\/product"}],"wp:featuredmedia":[{"embeddable":true,"href":"https:\/\/staging.nbg.eu\/da\/wp-json\/wp\/v2\/media\/107417"}],"wp:attachment":[{"href":"https:\/\/staging.nbg.eu\/da\/wp-json\/wp\/v2\/media?parent=46539"}],"wp:term":[{"taxonomy":"product_brand","embeddable":true,"href":"https:\/\/staging.nbg.eu\/da\/wp-json\/wp\/v2\/product_brand?post=46539"},{"taxonomy":"product_cat","embeddable":true,"href":"https:\/\/staging.nbg.eu\/da\/wp-json\/wp\/v2\/product_cat?post=46539"},{"taxonomy":"product_tag","embeddable":true,"href":"https:\/\/staging.nbg.eu\/da\/wp-json\/wp\/v2\/product_tag?post=46539"}],"curies":[{"name":"wp","href":"https:\/\/api.w.org\/{rel}","templated":true}]}}