{"id":46404,"date":"2024-07-31T20:54:52","date_gmt":"2024-09-11T15:52:50","guid":{"rendered":"https:\/\/staging.nbg.eu\/product\/shotgun-brush\/"},"modified":"2024-09-11T15:53:33","modified_gmt":"2024-09-11T15:53:33","slug":"haglgevaersborste","status":"publish","type":"product","link":"https:\/\/staging.nbg.eu\/da\/vare\/haglgevaersborste\/","title":{"rendered":"Haglgevaersb\u00f8rste"},"content":{"rendered":"<p>\nHaglgev\u00e6r b\u00f8rste fra Iosso Products. Egenskaber:<\/p>\n<ul>\n<li>Tykkere, stivere fibre til frem-og-tilbage reng\u00f8ring<\/li>\n<li>T\u00e6t snoet med flere fibre per tomme<\/li>\n<li>Kan genbruges flere gange<\/li>\n<li>Velegnet til brug med Iosso l\u00f8brenser<\/li>\n<li>Fjerner alle typer af forurening<\/li>\n<li>Reducerer reng\u00f8ringstiden betydeligt<\/li>\n<\/ul>\n<p>Effektiv l\u00f8brensning.<\/p>\n","protected":false},"excerpt":{"rendered":"<p>F\u00f8rsteklasses kobolthbl\u00e5 b\u00f8rstehoved til effektiv og grundig reng\u00f8ring af haglgev\u00e6r.<\/p>\n","protected":false},"featured_media":46405,"template":"","meta":{"_acf_changed":false},"product_brand":[],"product_cat":[13147,13120],"product_tag":[],"class_list":{"0":"post-46404","1":"product","2":"type-product","3":"status-publish","4":"has-post-thumbnail","6":"product_cat-borster","7":"product_cat-vabenrensning","9":"first","10":"instock","11":"taxable","12":"shipping-taxable","13":"purchasable","14":"product-type-variable","15":"wvs-archive-product-wrapper"},"acf":[],"_links":{"self":[{"href":"https:\/\/staging.nbg.eu\/da\/wp-json\/wp\/v2\/product\/46404","targetHints":{"allow":["GET"]}}],"collection":[{"href":"https:\/\/staging.nbg.eu\/da\/wp-json\/wp\/v2\/product"}],"about":[{"href":"https:\/\/staging.nbg.eu\/da\/wp-json\/wp\/v2\/types\/product"}],"wp:featuredmedia":[{"embeddable":true,"href":"https:\/\/staging.nbg.eu\/da\/wp-json\/wp\/v2\/media\/46405"}],"wp:attachment":[{"href":"https:\/\/staging.nbg.eu\/da\/wp-json\/wp\/v2\/media?parent=46404"}],"wp:term":[{"taxonomy":"product_brand","embeddable":true,"href":"https:\/\/staging.nbg.eu\/da\/wp-json\/wp\/v2\/product_brand?post=46404"},{"taxonomy":"product_cat","embeddable":true,"href":"https:\/\/staging.nbg.eu\/da\/wp-json\/wp\/v2\/product_cat?post=46404"},{"taxonomy":"product_tag","embeddable":true,"href":"https:\/\/staging.nbg.eu\/da\/wp-json\/wp\/v2\/product_tag?post=46404"}],"curies":[{"name":"wp","href":"https:\/\/api.w.org\/{rel}","templated":true}]}}