{"id":46049,"date":"2024-08-03T09:01:48","date_gmt":"2024-09-11T09:29:20","guid":{"rendered":"https:\/\/staging.nbg.eu\/product\/rh-sharky-iwb-holster\/"},"modified":"2024-09-11T09:30:11","modified_gmt":"2024-09-11T09:30:11","slug":"rh-sharky-iwb-hylster","status":"publish","type":"product","link":"https:\/\/staging.nbg.eu\/da\/vare\/rh-sharky-iwb-hylster\/","title":{"rendered":"RH Sharky IWB Hylster"},"content":{"rendered":"<p>RH Sharky IWB-hylsteret tilbyder skjult b\u00e6ring. Funktioner inkluderer:<\/p>\n<ul>\n<li>Vakuumpresset konstruktion<\/li>\n<li>Dobbelt clip for fastg\u00f8relse<\/li>\n<li>Justerbar h\u00e6ldning og h\u00f8jde<\/li>\n<li>Plads til r\u00f8dpunktssigter og forl\u00e6ngede l\u00f8b<\/li>\n<li>Integreret klo for bedre skjul<\/li>\n<li>Grebsjustering for individuel tilpasning<\/li>\n<\/ul>\n<p>Dette hylster til indvendig b\u00e6ring i bukselinningen giver komfort og alsidighed.<\/p>\n","protected":false},"excerpt":{"rendered":"<p>Sikker, justerbar indvendig b\u00e6lte-holster til skjult b\u00e6re med r\u00f8dpunktsigte.<\/p>\n","protected":false},"featured_media":46052,"template":"","meta":{"_acf_changed":false},"product_brand":[11631],"product_cat":[13093,13080],"product_tag":[],"class_list":{"0":"post-46049","1":"product","2":"type-product","3":"status-publish","4":"has-post-thumbnail","6":"product_brand-rh-holsters","7":"product_cat-hylster","8":"product_cat-taktisk-hylster","9":"pa_clips-monoblock-da","10":"pa_light-surefire-x300-ultra-a-da","11":"pa_light-without-light-da","12":"pa_model-glock-17-da","13":"pa_model-glock-43x-da","14":"pa_strong-hand-left-da","15":"pa_strong-hand-right-da","17":"first","18":"instock","19":"taxable","20":"shipping-taxable","21":"purchasable","22":"product-type-variable","23":"wvs-archive-product-wrapper"},"acf":[],"_links":{"self":[{"href":"https:\/\/staging.nbg.eu\/da\/wp-json\/wp\/v2\/product\/46049","targetHints":{"allow":["GET"]}}],"collection":[{"href":"https:\/\/staging.nbg.eu\/da\/wp-json\/wp\/v2\/product"}],"about":[{"href":"https:\/\/staging.nbg.eu\/da\/wp-json\/wp\/v2\/types\/product"}],"wp:featuredmedia":[{"embeddable":true,"href":"https:\/\/staging.nbg.eu\/da\/wp-json\/wp\/v2\/media\/46052"}],"wp:attachment":[{"href":"https:\/\/staging.nbg.eu\/da\/wp-json\/wp\/v2\/media?parent=46049"}],"wp:term":[{"taxonomy":"product_brand","embeddable":true,"href":"https:\/\/staging.nbg.eu\/da\/wp-json\/wp\/v2\/product_brand?post=46049"},{"taxonomy":"product_cat","embeddable":true,"href":"https:\/\/staging.nbg.eu\/da\/wp-json\/wp\/v2\/product_cat?post=46049"},{"taxonomy":"product_tag","embeddable":true,"href":"https:\/\/staging.nbg.eu\/da\/wp-json\/wp\/v2\/product_tag?post=46049"}],"curies":[{"name":"wp","href":"https:\/\/api.w.org\/{rel}","templated":true}]}}