{"id":45759,"date":"2024-08-03T14:31:50","date_gmt":"2024-09-10T15:00:54","guid":{"rendered":"https:\/\/staging.nbg.eu\/product\/rh-frogy-owb-holster\/"},"modified":"2024-09-10T15:01:45","modified_gmt":"2024-09-10T15:01:45","slug":"rh-frogy-owb-hylster","status":"publish","type":"product","link":"https:\/\/staging.nbg.eu\/da\/vare\/rh-frogy-owb-hylster\/","title":{"rendered":"RH Frogy OWB Hylster"},"content":{"rendered":"<div class=\"product-description\">\n<h2>RH Frogy OWB-Hylster<\/h2>\n<p>Oplev overlegen skjult b\u00e6ring med RH Frogy OWB-hylsteret. Designet til brug uden p\u00e5 b\u00e6ltet har dette hylster f\u00f8lgende egenskaber:<\/p>\n<ul>\n<li>Unik konstruktion med integreret trykfunktion for bedre v\u00e5benskjul<\/li>\n<li>Behagelig at b\u00e6re med pladsudnyttende design under b\u00e6ltet for stabil positionering<\/li>\n<li>Vakuumpresset 2,5 mm tykt Kydex med ribber for \u00f8get holdbarhed og stivhed<\/li>\n<li>H\u00e5ndpolerede kanter for maksimal komfort<\/li>\n<li>Vinklet v\u00e5benpositionering for forbedret skjul og tr\u00e6k<\/li>\n<li>Justerbart greb og h\u00e6ldning<\/li>\n<li>Kompatibel med r\u00f8dpunktssigter og forl\u00e6ngede l\u00f8b\/gevind<\/li>\n<\/ul>\n<p>Pr\u00e6cist st\u00f8bt og fremstillet af \u00e9t stykke Kydex, tilbyder dette hylster optimal skjul og komfort. Det \u00e5bne design muligg\u00f8r nem reng\u00f8ring og passer til forskellige v\u00e5benmodifikationer.<\/p>\n<\/div>\n","protected":false},"excerpt":{"rendered":"<p>RH Frogy OWB Hylster: Skjult, behageligt, justerbart kydex-b\u00e6resystem.<\/p>\n","protected":false},"featured_media":45763,"template":"","meta":{"_acf_changed":false},"product_brand":[11631],"product_cat":[13093,13131,13080],"product_tag":[],"class_list":{"0":"post-45759","1":"product","2":"type-product","3":"status-publish","4":"has-post-thumbnail","6":"product_brand-rh-holsters","7":"product_cat-hylster","8":"product_cat-sporthylster","9":"product_cat-taktisk-hylster","10":"pa_belt-size-40mm-da","11":"pa_model-glock-17-da","12":"pa_model-glock-19-23-32-da","13":"pa_strong-hand-right-da","15":"first","16":"instock","17":"taxable","18":"shipping-taxable","19":"purchasable","20":"product-type-variable","21":"wvs-archive-product-wrapper"},"acf":[],"_links":{"self":[{"href":"https:\/\/staging.nbg.eu\/da\/wp-json\/wp\/v2\/product\/45759","targetHints":{"allow":["GET"]}}],"collection":[{"href":"https:\/\/staging.nbg.eu\/da\/wp-json\/wp\/v2\/product"}],"about":[{"href":"https:\/\/staging.nbg.eu\/da\/wp-json\/wp\/v2\/types\/product"}],"wp:featuredmedia":[{"embeddable":true,"href":"https:\/\/staging.nbg.eu\/da\/wp-json\/wp\/v2\/media\/45763"}],"wp:attachment":[{"href":"https:\/\/staging.nbg.eu\/da\/wp-json\/wp\/v2\/media?parent=45759"}],"wp:term":[{"taxonomy":"product_brand","embeddable":true,"href":"https:\/\/staging.nbg.eu\/da\/wp-json\/wp\/v2\/product_brand?post=45759"},{"taxonomy":"product_cat","embeddable":true,"href":"https:\/\/staging.nbg.eu\/da\/wp-json\/wp\/v2\/product_cat?post=45759"},{"taxonomy":"product_tag","embeddable":true,"href":"https:\/\/staging.nbg.eu\/da\/wp-json\/wp\/v2\/product_tag?post=45759"}],"curies":[{"name":"wp","href":"https:\/\/api.w.org\/{rel}","templated":true}]}}