{"id":45688,"date":"2024-08-03T14:57:22","date_gmt":"2024-09-10T14:56:33","guid":{"rendered":"https:\/\/staging.nbg.eu\/product\/rh-sport-pistol-mag-holder\/"},"modified":"2024-09-10T14:57:25","modified_gmt":"2024-09-10T14:57:25","slug":"rh-sport-pistol-magasinholder","status":"publish","type":"product","link":"https:\/\/staging.nbg.eu\/da\/vare\/rh-sport-pistol-magasinholder\/","title":{"rendered":"RH Sport Pistol Magasinholder"},"content":{"rendered":"<p>RH Sport Pistol Mag Holderen er en f\u00f8rsteklasses l\u00f8sning til b\u00e6ring uden p\u00e5 b\u00e6ltet til skjult b\u00e6ring og skydebanesbrug. Den har f\u00f8lgende egenskaber:<\/p>\n<ul>\n<li>Vakuumpresset 2mm Kydex-konstruktion<\/li>\n<li>Pr\u00e6cis pasform til b\u00e6ring af enkelt eller dobbelt magasin<\/li>\n<li>Skarpe fordybninger med glatte, h\u00e5ndsk\u00e5rne kanter<\/li>\n<li>Holdbar konstruktion med hule nitter<\/li>\n<li>Nem tilg\u00e6ngelighed for hurtig genladning<\/li>\n<\/ul>\n<p>Designet med fokus p\u00e5 komfort og p\u00e5lidelighed, er den den perfekte ledsager til dit skydev\u00e5ben.<\/p>\n","protected":false},"excerpt":{"rendered":"<p>Sikker OWB Kydex magasinholder til hurtig adgang p\u00e5 skydebanen eller til skjult b\u00e6ring.<\/p>\n","protected":false},"featured_media":45689,"template":"","meta":{"_acf_changed":false},"product_brand":[11631],"product_cat":[13093,13082],"product_tag":[],"class_list":{"0":"post-45688","1":"product","2":"type-product","3":"status-publish","4":"has-post-thumbnail","6":"product_brand-rh-holsters","7":"product_cat-hylster","8":"product_cat-magasinholdere","9":"pa_model-kmr-spectra-da","10":"pa_strong-hand-right-da","12":"first","13":"instock","14":"taxable","15":"shipping-taxable","16":"purchasable","17":"product-type-variable","18":"wvs-archive-product-wrapper"},"acf":[],"_links":{"self":[{"href":"https:\/\/staging.nbg.eu\/da\/wp-json\/wp\/v2\/product\/45688","targetHints":{"allow":["GET"]}}],"collection":[{"href":"https:\/\/staging.nbg.eu\/da\/wp-json\/wp\/v2\/product"}],"about":[{"href":"https:\/\/staging.nbg.eu\/da\/wp-json\/wp\/v2\/types\/product"}],"wp:featuredmedia":[{"embeddable":true,"href":"https:\/\/staging.nbg.eu\/da\/wp-json\/wp\/v2\/media\/45689"}],"wp:attachment":[{"href":"https:\/\/staging.nbg.eu\/da\/wp-json\/wp\/v2\/media?parent=45688"}],"wp:term":[{"taxonomy":"product_brand","embeddable":true,"href":"https:\/\/staging.nbg.eu\/da\/wp-json\/wp\/v2\/product_brand?post=45688"},{"taxonomy":"product_cat","embeddable":true,"href":"https:\/\/staging.nbg.eu\/da\/wp-json\/wp\/v2\/product_cat?post=45688"},{"taxonomy":"product_tag","embeddable":true,"href":"https:\/\/staging.nbg.eu\/da\/wp-json\/wp\/v2\/product_tag?post=45688"}],"curies":[{"name":"wp","href":"https:\/\/api.w.org\/{rel}","templated":true}]}}