{"id":45520,"date":"2024-08-16T11:10:46","date_gmt":"2024-09-10T14:47:17","guid":{"rendered":"https:\/\/staging.nbg.eu\/product\/barwarus-knob-for-ak47-charging-handle\/"},"modified":"2024-09-10T14:47:59","modified_gmt":"2024-09-10T14:47:59","slug":"barwarus-knop-til-ak47-ladehandtag","status":"publish","type":"product","link":"https:\/\/staging.nbg.eu\/da\/vare\/barwarus-knop-til-ak47-ladehandtag\/","title":{"rendered":"Barwarus Knop til AK47 (ladeh\u00e5ndtag)"},"content":{"rendered":"<div class=\"product-description\">\n<h2>Barwarus Greb til AK47 Ladegreb<\/h2>\n<p>Opgrad\u00e9r din AK47 med Barwarus Greb, den ultimative forbedring til dit ladegreb. Dette pr\u00e6cisionsfremstillede tilbeh\u00f8r boltes nemt p\u00e5 dit eksisterende ladegreb og giver et glat, overdimensioneret greb for ubesv\u00e6ret v\u00e5benbetjening.<\/p>\n<ul>\n<li>Omhyggeligt designet til at passe til AK47 og lignende modeller<\/li>\n<li>Ergonomisk form passer komfortabelt i enhver fingerposition<\/li>\n<li>Sikker pasform forhindrer l\u00f8srivningsproblemer, der er almindelige ved andre greb<\/li>\n<li>Ingen svejsning p\u00e5kr\u00e6vet &#8211; bruger eksisterende pinolskrue for nem installation<\/li>\n<li>Kompatibel med de fleste AK47-varianter<\/li>\n<\/ul>\n<p>Oplev forbedret h\u00e5ndtering og p\u00e5lidelighed med Barwarus Greb. L\u00f8ft din skydeoplevelse i dag!<\/p>\n<\/div>\n","protected":false},"excerpt":{"rendered":"<p>Forbedret AK47 ladegrebs-knop for mere gnidningsfri betjening<\/p>\n","protected":false},"featured_media":101453,"template":"","meta":{"_acf_changed":false},"product_brand":[11106],"product_cat":[13073,13088],"product_tag":[],"class_list":{"0":"post-45520","1":"product","2":"type-product","3":"status-publish","4":"has-post-thumbnail","6":"product_brand-barwarus","7":"product_cat-ak-tuning","8":"product_cat-riffel-tuning","10":"first","11":"outofstock","12":"taxable","13":"shipping-taxable","14":"purchasable","15":"product-type-variable","16":"wvs-archive-product-wrapper"},"acf":[],"_links":{"self":[{"href":"https:\/\/staging.nbg.eu\/da\/wp-json\/wp\/v2\/product\/45520","targetHints":{"allow":["GET"]}}],"collection":[{"href":"https:\/\/staging.nbg.eu\/da\/wp-json\/wp\/v2\/product"}],"about":[{"href":"https:\/\/staging.nbg.eu\/da\/wp-json\/wp\/v2\/types\/product"}],"wp:featuredmedia":[{"embeddable":true,"href":"https:\/\/staging.nbg.eu\/da\/wp-json\/wp\/v2\/media\/101453"}],"wp:attachment":[{"href":"https:\/\/staging.nbg.eu\/da\/wp-json\/wp\/v2\/media?parent=45520"}],"wp:term":[{"taxonomy":"product_brand","embeddable":true,"href":"https:\/\/staging.nbg.eu\/da\/wp-json\/wp\/v2\/product_brand?post=45520"},{"taxonomy":"product_cat","embeddable":true,"href":"https:\/\/staging.nbg.eu\/da\/wp-json\/wp\/v2\/product_cat?post=45520"},{"taxonomy":"product_tag","embeddable":true,"href":"https:\/\/staging.nbg.eu\/da\/wp-json\/wp\/v2\/product_tag?post=45520"}],"curies":[{"name":"wp","href":"https:\/\/api.w.org\/{rel}","templated":true}]}}