{"id":45343,"date":"2024-08-16T18:05:19","date_gmt":"2024-08-16T18:05:19","guid":{"rendered":"https:\/\/staging.nbg.eu\/product\/calypso-mini-weather-station-45m-s\/"},"modified":"2024-10-16T09:35:21","modified_gmt":"2024-10-16T09:35:21","slug":"calypso-ultralyd-baerbar-mini-vindmaler-45ms","status":"publish","type":"product","link":"https:\/\/staging.nbg.eu\/da\/vare\/calypso-ultralyd-baerbar-mini-vindmaler-45ms\/","title":{"rendered":"Calypso Ultralyd B\u00e6rbar Mini Vindm\u00e5ler 45m\/s"},"content":{"rendered":"<h2>Calypso Mini 45m\/s Ultralydsvindm\u00e5ler<\/h2>\n<p>Pr\u00e6senterer Calypso Mini 45m\/s, en kompakt og alsidig vindm\u00e5lingsl\u00f8sning. Denne miniature ultralydsvindm\u00e5ler og vindfane kombinerer banebrydende teknologi med portabilitet.<\/p>\n<h2>N\u00f8glefunktioner:<\/h2>\n<ul>\n<li>Bluetooth-forbindelse for nem datalogning<\/li>\n<li>Batteridrevet med tr\u00e5dl\u00f8s QI-opladning<\/li>\n<li>Ultralydssensorer for robust og p\u00e5lidelig ydelse<\/li>\n<li>M\u00e5ler b\u00e5de vindhastighed og -retning<\/li>\n<li>Kompakt st\u00f8rrelse: kun 43mm i diameter<\/li>\n<li>1\/4&#8243; hungevind til montering p\u00e5 trefod<\/li>\n<li>Kompatibel med Anemotracker App<\/li>\n<li>Valgfrit telefonholder-tilbeh\u00f8r tilg\u00e6ngeligt<\/li>\n<\/ul>\n<p>Perfekt til forskellige industrier og anvendelser tilbyder Calypso Mini 45m\/s professionel vindm\u00e5ling i en h\u00e5ndholdt enhed. Dens tr\u00e5dl\u00f8se design og kompatibilitet med NMEA-gateways g\u00f8r den til et ideelt valg til b\u00e5de enkeltst\u00e5ende brug og integration i eksisterende systemer.<\/p>\n","protected":false},"excerpt":{"rendered":"<p>Kompakt, Bluetooth-anemometer m\u00e5ler vindhastighed\/retning. App-aktiveret.<\/p>\n","protected":false},"featured_media":101821,"template":"","meta":{"_acf_changed":false},"product_brand":[11170],"product_cat":[13142,13081],"product_tag":[],"class_list":{"0":"post-45343","1":"product","2":"type-product","3":"status-publish","4":"has-post-thumbnail","6":"product_brand-calypso","7":"product_cat-vaerktoj","8":"product_cat-vejrmalere","10":"first","11":"instock","12":"taxable","13":"shipping-taxable","14":"purchasable","15":"product-type-simple"},"acf":[],"_links":{"self":[{"href":"https:\/\/staging.nbg.eu\/da\/wp-json\/wp\/v2\/product\/45343","targetHints":{"allow":["GET"]}}],"collection":[{"href":"https:\/\/staging.nbg.eu\/da\/wp-json\/wp\/v2\/product"}],"about":[{"href":"https:\/\/staging.nbg.eu\/da\/wp-json\/wp\/v2\/types\/product"}],"wp:featuredmedia":[{"embeddable":true,"href":"https:\/\/staging.nbg.eu\/da\/wp-json\/wp\/v2\/media\/101821"}],"wp:attachment":[{"href":"https:\/\/staging.nbg.eu\/da\/wp-json\/wp\/v2\/media?parent=45343"}],"wp:term":[{"taxonomy":"product_brand","embeddable":true,"href":"https:\/\/staging.nbg.eu\/da\/wp-json\/wp\/v2\/product_brand?post=45343"},{"taxonomy":"product_cat","embeddable":true,"href":"https:\/\/staging.nbg.eu\/da\/wp-json\/wp\/v2\/product_cat?post=45343"},{"taxonomy":"product_tag","embeddable":true,"href":"https:\/\/staging.nbg.eu\/da\/wp-json\/wp\/v2\/product_tag?post=45343"}],"curies":[{"name":"wp","href":"https:\/\/api.w.org\/{rel}","templated":true}]}}