{"id":45170,"date":"2024-08-18T09:26:06","date_gmt":"2024-09-10T13:11:32","guid":{"rendered":"https:\/\/staging.nbg.eu\/product\/premium-belt-security-loop\/"},"modified":"2024-09-10T13:12:08","modified_gmt":"2024-09-10T13:12:08","slug":"premium-baelte-sikkerhedslokke","status":"publish","type":"product","link":"https:\/\/staging.nbg.eu\/da\/vare\/premium-baelte-sikkerhedslokke\/","title":{"rendered":"Premium B\u00e6lte Sikkerhedsl\u00f8kke"},"content":{"rendered":"<p>Sikr dit b\u00e6lte med DAA Premium Belt Security Loop. Den er gummibelagt for komfort og greb og holder dit b\u00e6lte p\u00e5 plads under intense skydesesioner. Passer til de fleste standardb\u00e6lter.<\/p>\n","protected":false},"excerpt":{"rendered":"<p>Sikker b\u00e6ltestrop: Gummibelagt greb, forhindrer forskydning, passer til standardb\u00e6lter.<\/p>\n","protected":false},"featured_media":26092,"template":"","meta":{"_acf_changed":false},"product_brand":[11266],"product_cat":[13109,13106],"product_tag":[],"class_list":{"0":"post-45170","1":"product","2":"type-product","3":"status-publish","4":"has-post-thumbnail","6":"product_brand-doublealpha","7":"product_cat-sportsbaelter","8":"product_cat-udstyr","10":"first","11":"instock","12":"taxable","13":"shipping-taxable","14":"purchasable","15":"product-type-simple"},"acf":[],"_links":{"self":[{"href":"https:\/\/staging.nbg.eu\/da\/wp-json\/wp\/v2\/product\/45170","targetHints":{"allow":["GET"]}}],"collection":[{"href":"https:\/\/staging.nbg.eu\/da\/wp-json\/wp\/v2\/product"}],"about":[{"href":"https:\/\/staging.nbg.eu\/da\/wp-json\/wp\/v2\/types\/product"}],"wp:featuredmedia":[{"embeddable":true,"href":"https:\/\/staging.nbg.eu\/da\/wp-json\/wp\/v2\/media\/26092"}],"wp:attachment":[{"href":"https:\/\/staging.nbg.eu\/da\/wp-json\/wp\/v2\/media?parent=45170"}],"wp:term":[{"taxonomy":"product_brand","embeddable":true,"href":"https:\/\/staging.nbg.eu\/da\/wp-json\/wp\/v2\/product_brand?post=45170"},{"taxonomy":"product_cat","embeddable":true,"href":"https:\/\/staging.nbg.eu\/da\/wp-json\/wp\/v2\/product_cat?post=45170"},{"taxonomy":"product_tag","embeddable":true,"href":"https:\/\/staging.nbg.eu\/da\/wp-json\/wp\/v2\/product_tag?post=45170"}],"curies":[{"name":"wp","href":"https:\/\/api.w.org\/{rel}","templated":true}]}}