{"id":45148,"date":"2024-08-18T09:26:36","date_gmt":"2024-08-18T09:26:36","guid":{"rendered":"https:\/\/staging.nbg.eu\/product\/daa-magnet-cover\/"},"modified":"2024-09-10T12:57:39","modified_gmt":"2024-09-10T12:57:39","slug":"daa-magnet-daeksel","status":"publish","type":"product","link":"https:\/\/staging.nbg.eu\/da\/vare\/daa-magnet-daeksel\/","title":{"rendered":"DAA Magnet D\u00e6ksel"},"content":{"rendered":"<p>\nDAA Magnet Cover: Et stilfuldt, holdbart nylonbetr\u00e6k til 48mm magneter. Har et magnetisk st\u00e5l-DAA-logo. Reducerer u\u00f8nsket magnetisk tr\u00e6kkraft, samtidig med at funktionaliteten bevares.<\/p>\n","protected":false},"excerpt":{"rendered":"<p>Elegant, beskyttende cover til DAA 48mm magneter. Reducerer magnetisk tr\u00e6kkraft.<\/p>\n","protected":false},"featured_media":26115,"template":"","meta":{"_acf_changed":false},"product_brand":[11266],"product_cat":[13093,13126],"product_tag":[],"class_list":{"0":"post-45148","1":"product","2":"type-product","3":"status-publish","4":"has-post-thumbnail","6":"product_brand-doublealpha","7":"product_cat-hylster","8":"product_cat-hylstertilbehor","10":"first","11":"instock","12":"taxable","13":"shipping-taxable","14":"purchasable","15":"product-type-simple"},"acf":[],"_links":{"self":[{"href":"https:\/\/staging.nbg.eu\/da\/wp-json\/wp\/v2\/product\/45148","targetHints":{"allow":["GET"]}}],"collection":[{"href":"https:\/\/staging.nbg.eu\/da\/wp-json\/wp\/v2\/product"}],"about":[{"href":"https:\/\/staging.nbg.eu\/da\/wp-json\/wp\/v2\/types\/product"}],"wp:featuredmedia":[{"embeddable":true,"href":"https:\/\/staging.nbg.eu\/da\/wp-json\/wp\/v2\/media\/26115"}],"wp:attachment":[{"href":"https:\/\/staging.nbg.eu\/da\/wp-json\/wp\/v2\/media?parent=45148"}],"wp:term":[{"taxonomy":"product_brand","embeddable":true,"href":"https:\/\/staging.nbg.eu\/da\/wp-json\/wp\/v2\/product_brand?post=45148"},{"taxonomy":"product_cat","embeddable":true,"href":"https:\/\/staging.nbg.eu\/da\/wp-json\/wp\/v2\/product_cat?post=45148"},{"taxonomy":"product_tag","embeddable":true,"href":"https:\/\/staging.nbg.eu\/da\/wp-json\/wp\/v2\/product_tag?post=45148"}],"curies":[{"name":"wp","href":"https:\/\/api.w.org\/{rel}","templated":true}]}}