{"id":45104,"date":"2024-08-18T09:27:48","date_gmt":"2024-09-10T12:34:21","guid":{"rendered":"https:\/\/staging.nbg.eu\/product\/thigh-pad-for-flex-alpha-x-racer-x-holsters\/"},"modified":"2024-09-10T12:34:57","modified_gmt":"2024-09-10T12:34:57","slug":"larpude-til-flex-alpha-x-racer-x-hylstre","status":"publish","type":"product","link":"https:\/\/staging.nbg.eu\/da\/vare\/larpude-til-flex-alpha-x-racer-x-hylstre\/","title":{"rendered":"L\u00e5rpude Til Flex \/ Alpha-X \/ Racer-X Hylstre"},"content":{"rendered":"<div class=\"product-description\">\n<h2>DAA L\u00e5rholder til Flex \/ Alpha-X \/ Racer-X Hylstre<\/h2>\n<p>Forbedre din skyderoplevelse med DAA L\u00e5rholderen, som er kompatibel med Alpha-X, Racer-X og FLEX hylstre. Denne alsidige holder tilbyder:<\/p>\n<ul>\n<li>Nem installation &#8211; ingen skruer eller lim p\u00e5kr\u00e6vet<\/li>\n<li>Sikker pasform med klik-i faner<\/li>\n<li>Kompakt, men effektivt design<\/li>\n<li>Velegnet til b\u00e5de h\u00f8jre- og venstreh\u00e5ndshylstre<\/li>\n<\/ul>\n<p>Skub blot L\u00e5rholderen over hylstrets b\u00e6ltef\u00e6ste, indtil fanerne klikker p\u00e5 plads. Fjern den ved at tr\u00e6kke fanerne op og skubbe den af. Denne holder er den perfekte tilf\u00f8jelse til dit Double-Alpha hylster og giver ekstra komfort og stabilitet for topskytter verden over.<\/p>\n<\/div>\n","protected":false},"excerpt":{"rendered":"<p>L\u00e5rpude til Alpha-X\/Racer-X: Sikker, komfortabel, ingen v\u00e6rkt\u00f8j n\u00f8dvendigt.<\/p>\n","protected":false},"featured_media":26276,"template":"","meta":{"_acf_changed":false},"product_brand":[11266],"product_cat":[13126,13131],"product_tag":[],"class_list":{"0":"post-45104","1":"product","2":"type-product","3":"status-publish","4":"has-post-thumbnail","6":"product_brand-doublealpha","7":"product_cat-hylstertilbehor","8":"product_cat-sporthylster","10":"first","11":"instock","12":"taxable","13":"shipping-taxable","14":"purchasable","15":"product-type-simple"},"acf":[],"_links":{"self":[{"href":"https:\/\/staging.nbg.eu\/da\/wp-json\/wp\/v2\/product\/45104","targetHints":{"allow":["GET"]}}],"collection":[{"href":"https:\/\/staging.nbg.eu\/da\/wp-json\/wp\/v2\/product"}],"about":[{"href":"https:\/\/staging.nbg.eu\/da\/wp-json\/wp\/v2\/types\/product"}],"wp:featuredmedia":[{"embeddable":true,"href":"https:\/\/staging.nbg.eu\/da\/wp-json\/wp\/v2\/media\/26276"}],"wp:attachment":[{"href":"https:\/\/staging.nbg.eu\/da\/wp-json\/wp\/v2\/media?parent=45104"}],"wp:term":[{"taxonomy":"product_brand","embeddable":true,"href":"https:\/\/staging.nbg.eu\/da\/wp-json\/wp\/v2\/product_brand?post=45104"},{"taxonomy":"product_cat","embeddable":true,"href":"https:\/\/staging.nbg.eu\/da\/wp-json\/wp\/v2\/product_cat?post=45104"},{"taxonomy":"product_tag","embeddable":true,"href":"https:\/\/staging.nbg.eu\/da\/wp-json\/wp\/v2\/product_tag?post=45104"}],"curies":[{"name":"wp","href":"https:\/\/api.w.org\/{rel}","templated":true}]}}