{"id":45082,"date":"2024-08-18T09:28:23","date_gmt":"2024-08-18T09:28:23","guid":{"rendered":"https:\/\/staging.nbg.eu\/product\/daa-reloading-press-tool-holder\/"},"modified":"2024-09-10T12:29:14","modified_gmt":"2024-09-10T12:29:14","slug":"daa-genladnings-presse-vaerktojsholder","status":"publish","type":"product","link":"https:\/\/staging.nbg.eu\/da\/vare\/daa-genladnings-presse-vaerktojsholder\/","title":{"rendered":"Daa Genladnings-Presse V\u00e6rkt\u00f8jsholder"},"content":{"rendered":"<div class=\"product-description\">\n<h2>DAA Genladningspresse V\u00e6rkt\u00f8jsholder<\/h2>\n<p>Organiser dine genladningsv\u00e6rkt\u00f8jer med denne praktiske holder! Designet til Dillon RL1100\/1050\/750\/650 presser, monteres den nemt p\u00e5 1&#8243; firkantede eller runde r\u00f8r.<\/p>\n<ul>\n<li>Holdbar konstruktion af glasfiberforst\u00e6rket nylon<\/li>\n<li>Gummimaling for en attraktiv finish<\/li>\n<li>Holder til 7 unbrakon\u00f8gler, matricen\u00f8gle og 3 ekstra v\u00e6rkt\u00f8jer<\/li>\n<li>Stor fordybning til opbevaring af sm\u00e5dele<\/li>\n<li>Indbygget magnet til at holde metalliske genstande<\/li>\n<\/ul>\n<p>Forbedre din genladningsops\u00e6tning med denne alsidige v\u00e6rkt\u00f8jsholder! (V\u00e6rkt\u00f8j medf\u00f8lger ikke)<\/p>\n<\/div>\n","protected":false},"excerpt":{"rendered":"<p>Alsidig presse-monteret holder til genladningsv\u00e6rkt\u00f8j og -dele.<\/p>\n","protected":false},"featured_media":26565,"template":"","meta":{"_acf_changed":false},"product_brand":[11266],"product_cat":[13135,13089],"product_tag":[],"class_list":{"0":"post-45082","1":"product","2":"type-product","3":"status-publish","4":"has-post-thumbnail","6":"product_brand-doublealpha","7":"product_cat-genladning","8":"product_cat-genladningstilbehor","10":"first","11":"outofstock","12":"taxable","13":"shipping-taxable","14":"purchasable","15":"product-type-simple"},"acf":[],"_links":{"self":[{"href":"https:\/\/staging.nbg.eu\/da\/wp-json\/wp\/v2\/product\/45082","targetHints":{"allow":["GET"]}}],"collection":[{"href":"https:\/\/staging.nbg.eu\/da\/wp-json\/wp\/v2\/product"}],"about":[{"href":"https:\/\/staging.nbg.eu\/da\/wp-json\/wp\/v2\/types\/product"}],"wp:featuredmedia":[{"embeddable":true,"href":"https:\/\/staging.nbg.eu\/da\/wp-json\/wp\/v2\/media\/26565"}],"wp:attachment":[{"href":"https:\/\/staging.nbg.eu\/da\/wp-json\/wp\/v2\/media?parent=45082"}],"wp:term":[{"taxonomy":"product_brand","embeddable":true,"href":"https:\/\/staging.nbg.eu\/da\/wp-json\/wp\/v2\/product_brand?post=45082"},{"taxonomy":"product_cat","embeddable":true,"href":"https:\/\/staging.nbg.eu\/da\/wp-json\/wp\/v2\/product_cat?post=45082"},{"taxonomy":"product_tag","embeddable":true,"href":"https:\/\/staging.nbg.eu\/da\/wp-json\/wp\/v2\/product_tag?post=45082"}],"curies":[{"name":"wp","href":"https:\/\/api.w.org\/{rel}","templated":true}]}}