{"id":45060,"date":"2024-08-18T09:28:37","date_gmt":"2024-08-18T09:28:37","guid":{"rendered":"https:\/\/staging.nbg.eu\/product\/lynx-belt-steel-mini-punch-tool\/"},"modified":"2024-09-10T12:25:37","modified_gmt":"2024-09-10T12:25:37","slug":"lynx-baelte-stal-mini-stempel-vaerktoj","status":"publish","type":"product","link":"https:\/\/staging.nbg.eu\/da\/vare\/lynx-baelte-stal-mini-stempel-vaerktoj\/","title":{"rendered":"Lynx B\u00e6lte: St\u00e5l Mini Stempel V\u00e6rkt\u00f8j"},"content":{"rendered":"<p>Lynx Belt: St\u00e5l Mini Stansv\u00e6rkt\u00f8j er et kompakt, specialfremstillet st\u00e5lstansev\u00e6rkt\u00f8j designet til hurtig og nem fjernelse af rullestifter. Perfekt til justering af b\u00e6ltelinks, m\u00e5ler dette lette v\u00e6rkt\u00f8j 70 mm i l\u00e6ngden med en hoveddiameter p\u00e5 6 mm og en skaftdiameter p\u00e5 2,5 mm. Ideel til dit v\u00e6rkt\u00f8jss\u00e6t i skydebanen.<\/p>\n","protected":false},"excerpt":{"rendered":"<p>Kompakt st\u00e5lv\u00e6rkt\u00f8j til hurtig og nem justering af urremme.<\/p>\n","protected":false},"featured_media":26703,"template":"","meta":{"_acf_changed":false},"product_brand":[11266],"product_cat":[13109,13106],"product_tag":[],"class_list":{"0":"post-45060","1":"product","2":"type-product","3":"status-publish","4":"has-post-thumbnail","6":"product_brand-doublealpha","7":"product_cat-sportsbaelter","8":"product_cat-udstyr","10":"first","11":"instock","12":"taxable","13":"shipping-taxable","14":"purchasable","15":"product-type-simple"},"acf":[],"_links":{"self":[{"href":"https:\/\/staging.nbg.eu\/da\/wp-json\/wp\/v2\/product\/45060","targetHints":{"allow":["GET"]}}],"collection":[{"href":"https:\/\/staging.nbg.eu\/da\/wp-json\/wp\/v2\/product"}],"about":[{"href":"https:\/\/staging.nbg.eu\/da\/wp-json\/wp\/v2\/types\/product"}],"wp:featuredmedia":[{"embeddable":true,"href":"https:\/\/staging.nbg.eu\/da\/wp-json\/wp\/v2\/media\/26703"}],"wp:attachment":[{"href":"https:\/\/staging.nbg.eu\/da\/wp-json\/wp\/v2\/media?parent=45060"}],"wp:term":[{"taxonomy":"product_brand","embeddable":true,"href":"https:\/\/staging.nbg.eu\/da\/wp-json\/wp\/v2\/product_brand?post=45060"},{"taxonomy":"product_cat","embeddable":true,"href":"https:\/\/staging.nbg.eu\/da\/wp-json\/wp\/v2\/product_cat?post=45060"},{"taxonomy":"product_tag","embeddable":true,"href":"https:\/\/staging.nbg.eu\/da\/wp-json\/wp\/v2\/product_tag?post=45060"}],"curies":[{"name":"wp","href":"https:\/\/api.w.org\/{rel}","templated":true}]}}