{"id":45038,"date":"2024-08-18T09:29:43","date_gmt":"2024-08-18T09:29:43","guid":{"rendered":"https:\/\/staging.nbg.eu\/product\/daa-primer-tube-cap-5-pack\/"},"modified":"2024-09-10T12:23:39","modified_gmt":"2024-09-10T12:23:39","slug":"daa-taendhaette-ror-haette-5-pakke","status":"publish","type":"product","link":"https:\/\/staging.nbg.eu\/da\/vare\/daa-taendhaette-ror-haette-5-pakke\/","title":{"rendered":"Daa T\u00e6ndh\u00e6tte-R\u00f8r H\u00e6tte, 5-Pakke"},"content":{"rendered":"<p>\n<strong>DAA F\u00e6ngh\u00e6tter\u00f8r-H\u00e6tte, 5-Pak<\/strong><br \/>\nSpecialfremstillede silikonegummi-endeh\u00e6tter til 8 mm f\u00e6ngh\u00e6tter\u00f8r. Forhindrer spild ved brug af hurtigfyldningsenheder. Nem at bruge: glid p\u00e5, l\u00e6g fladt. Ikke mere rod med f\u00e6ngh\u00e6tter!<\/p>\n<ul>\n<li>Passer til de fleste genladningsr\u00f8r<\/li>\n<li>Kompatibel med DAA Primer-Pro og andre fyldere<\/li>\n<li>Farve: R\u00f8d<\/li>\n<li>Pakke med 5 stk.<\/li>\n<\/ul>\n<p>Sikr dine f\u00e6ngh\u00e6tter med disse praktiske h\u00e6tter!<\/p>\n","protected":false},"excerpt":{"rendered":"<p>Sikre 8 mm primerr\u00f8r med nemme, spildsikre silikoneh\u00e6tter.<\/p>\n","protected":false},"featured_media":26726,"template":"","meta":{"_acf_changed":false},"product_brand":[11266],"product_cat":[13135,13089],"product_tag":[],"class_list":{"0":"post-45038","1":"product","2":"type-product","3":"status-publish","4":"has-post-thumbnail","6":"product_brand-doublealpha","7":"product_cat-genladning","8":"product_cat-genladningstilbehor","10":"first","11":"outofstock","12":"taxable","13":"shipping-taxable","14":"purchasable","15":"product-type-simple"},"acf":[],"_links":{"self":[{"href":"https:\/\/staging.nbg.eu\/da\/wp-json\/wp\/v2\/product\/45038","targetHints":{"allow":["GET"]}}],"collection":[{"href":"https:\/\/staging.nbg.eu\/da\/wp-json\/wp\/v2\/product"}],"about":[{"href":"https:\/\/staging.nbg.eu\/da\/wp-json\/wp\/v2\/types\/product"}],"wp:featuredmedia":[{"embeddable":true,"href":"https:\/\/staging.nbg.eu\/da\/wp-json\/wp\/v2\/media\/26726"}],"wp:attachment":[{"href":"https:\/\/staging.nbg.eu\/da\/wp-json\/wp\/v2\/media?parent=45038"}],"wp:term":[{"taxonomy":"product_brand","embeddable":true,"href":"https:\/\/staging.nbg.eu\/da\/wp-json\/wp\/v2\/product_brand?post=45038"},{"taxonomy":"product_cat","embeddable":true,"href":"https:\/\/staging.nbg.eu\/da\/wp-json\/wp\/v2\/product_cat?post=45038"},{"taxonomy":"product_tag","embeddable":true,"href":"https:\/\/staging.nbg.eu\/da\/wp-json\/wp\/v2\/product_tag?post=45038"}],"curies":[{"name":"wp","href":"https:\/\/api.w.org\/{rel}","templated":true}]}}