{"id":44994,"date":"2024-08-18T09:30:21","date_gmt":"2024-08-18T09:30:21","guid":{"rendered":"https:\/\/staging.nbg.eu\/product\/lynx-belt-ratchet-buckle\/"},"modified":"2024-09-10T12:02:47","modified_gmt":"2024-09-10T12:02:47","slug":"lynx-baelte-spaende-med-skralde","status":"publish","type":"product","link":"https:\/\/staging.nbg.eu\/da\/vare\/lynx-baelte-spaende-med-skralde\/","title":{"rendered":"Lynx B\u00e6lte Sp\u00e6nde med Skralde"},"content":{"rendered":"<div class=\"product-description\">\n<h2>DAA Lynx B\u00e6lte med Skraldesp\u00e6nde<\/h2>\n<p>Opgrad\u00e9r dit skydeudstyr med DAA Lynx B\u00e6lte Skraldesp\u00e6nde-system. Dette innovative sp\u00e6nde tilbyder:<\/p>\n<ul>\n<li>St\u00f8rre l\u00e6ngdejusterbarhed for nem tilpasning til t\u00f8j<\/li>\n<li>Hurtig l\u00f8sning og stramning mellem etaper<\/li>\n<li>Holdbar konstruktion i st\u00e5l og aluminium<\/li>\n<li>23 mm bred gummistrop med 16 cm justeringsomr\u00e5de<\/li>\n<li>To forborede sorte led med gevindindl\u00e6g i st\u00e5l<\/li>\n<\/ul>\n<p>Anbefalet placering: foran, mellem hylster og f\u00f8rste taske. Stroppen kan afkortes, og sp\u00e6ndets retning kan vendes efter \u00f8nske. Forbedre din skydeoplevelse med \u00f8get komfort og bekvemmelighed!<\/p>\n<\/div>\n","protected":false},"excerpt":{"rendered":"<p>Skraldelukning til nem b\u00e6ltejustering og hurtig stramning.<\/p>\n","protected":false},"featured_media":26864,"template":"","meta":{"_acf_changed":false},"product_brand":[11266],"product_cat":[13109,13106],"product_tag":[],"class_list":{"0":"post-44994","1":"product","2":"type-product","3":"status-publish","4":"has-post-thumbnail","6":"product_brand-doublealpha","7":"product_cat-sportsbaelter","8":"product_cat-udstyr","10":"first","11":"instock","12":"taxable","13":"shipping-taxable","14":"purchasable","15":"product-type-simple"},"acf":[],"_links":{"self":[{"href":"https:\/\/staging.nbg.eu\/da\/wp-json\/wp\/v2\/product\/44994","targetHints":{"allow":["GET"]}}],"collection":[{"href":"https:\/\/staging.nbg.eu\/da\/wp-json\/wp\/v2\/product"}],"about":[{"href":"https:\/\/staging.nbg.eu\/da\/wp-json\/wp\/v2\/types\/product"}],"wp:featuredmedia":[{"embeddable":true,"href":"https:\/\/staging.nbg.eu\/da\/wp-json\/wp\/v2\/media\/26864"}],"wp:attachment":[{"href":"https:\/\/staging.nbg.eu\/da\/wp-json\/wp\/v2\/media?parent=44994"}],"wp:term":[{"taxonomy":"product_brand","embeddable":true,"href":"https:\/\/staging.nbg.eu\/da\/wp-json\/wp\/v2\/product_brand?post=44994"},{"taxonomy":"product_cat","embeddable":true,"href":"https:\/\/staging.nbg.eu\/da\/wp-json\/wp\/v2\/product_cat?post=44994"},{"taxonomy":"product_tag","embeddable":true,"href":"https:\/\/staging.nbg.eu\/da\/wp-json\/wp\/v2\/product_tag?post=44994"}],"curies":[{"name":"wp","href":"https:\/\/api.w.org\/{rel}","templated":true}]}}