{"id":44972,"date":"2024-08-18T09:31:04","date_gmt":"2024-08-18T09:31:04","guid":{"rendered":"https:\/\/staging.nbg.eu\/product\/daa-1-die-box-end-wrench\/"},"modified":"2024-09-10T11:56:15","modified_gmt":"2024-09-10T11:56:15","slug":"daa-1-matrits-ringnogle","status":"publish","type":"product","link":"https:\/\/staging.nbg.eu\/da\/vare\/daa-1-matrits-ringnogle\/","title":{"rendered":"Daa 1&#8243; Matrits Ringn\u00f8gle"},"content":{"rendered":"<div class=\"product-description\">\n<h2>DAA 1&#8243; Skruen\u00f8gle til Gevindsk\u00e6rer, Ringn\u00f8gle<\/h2>\n<p>Den ultimative l\u00f8sning for genladere, der k\u00e6mper med justeringer af gevindsk\u00e6rere p\u00e5 trange v\u00e6rkt\u00f8jshoveder. Denne specialfremstillede, lasersk\u00e5rede skruen\u00f8gle i rustfrit st\u00e5l har f\u00f8lgende egenskaber:<\/p>\n<ul>\n<li>Tyntv\u00e6gget design for nem adgang mellem gevindsk\u00e6rere<\/li>\n<li>Flere k\u00e6ber for optimal positionering<\/li>\n<li>Holdbar konstruktion til livslang brug<\/li>\n<li>Pr\u00e6cisionsfremstillet til 1&#8243; m\u00f8trikker<\/li>\n<\/ul>\n<p>Opgrader dit genladningsudstyr med dette essentielle v\u00e6rkt\u00f8j, designet til at g\u00f8re justeringer af gevindsk\u00e6rere hurtige og ubesv\u00e6rede. Kompatibel med standard 1&#8243; gevindsk\u00e6rerm\u00f8trikker, hvilket sikrer maksimal alsidighed og bekvemmelighed.<\/p>\n<\/div>\n","protected":false},"excerpt":{"rendered":"<p>DAA 1&#8243; Dornsp\u00e6nden\u00f8gle: Tynd, st\u00e6rk, alsidig. Nem adgang for genladere.<\/p>\n","protected":false},"featured_media":27002,"template":"","meta":{"_acf_changed":false},"product_brand":[11266],"product_cat":[13135,13089],"product_tag":[],"class_list":{"0":"post-44972","1":"product","2":"type-product","3":"status-publish","4":"has-post-thumbnail","6":"product_brand-doublealpha","7":"product_cat-genladning","8":"product_cat-genladningstilbehor","10":"first","11":"outofstock","12":"taxable","13":"shipping-taxable","14":"purchasable","15":"product-type-simple"},"acf":[],"_links":{"self":[{"href":"https:\/\/staging.nbg.eu\/da\/wp-json\/wp\/v2\/product\/44972","targetHints":{"allow":["GET"]}}],"collection":[{"href":"https:\/\/staging.nbg.eu\/da\/wp-json\/wp\/v2\/product"}],"about":[{"href":"https:\/\/staging.nbg.eu\/da\/wp-json\/wp\/v2\/types\/product"}],"wp:featuredmedia":[{"embeddable":true,"href":"https:\/\/staging.nbg.eu\/da\/wp-json\/wp\/v2\/media\/27002"}],"wp:attachment":[{"href":"https:\/\/staging.nbg.eu\/da\/wp-json\/wp\/v2\/media?parent=44972"}],"wp:term":[{"taxonomy":"product_brand","embeddable":true,"href":"https:\/\/staging.nbg.eu\/da\/wp-json\/wp\/v2\/product_brand?post=44972"},{"taxonomy":"product_cat","embeddable":true,"href":"https:\/\/staging.nbg.eu\/da\/wp-json\/wp\/v2\/product_cat?post=44972"},{"taxonomy":"product_tag","embeddable":true,"href":"https:\/\/staging.nbg.eu\/da\/wp-json\/wp\/v2\/product_tag?post=44972"}],"curies":[{"name":"wp","href":"https:\/\/api.w.org\/{rel}","templated":true}]}}