{"id":44950,"date":"2024-08-18T09:31:20","date_gmt":"2024-08-18T09:31:20","guid":{"rendered":"https:\/\/staging.nbg.eu\/product\/dillon-daa-click-adjustable-powder-knob-v2\/"},"modified":"2024-09-10T11:50:44","modified_gmt":"2024-09-10T11:50:44","slug":"dillon-daa-klik-justerbar-krudt-knop-v2","status":"publish","type":"product","link":"https:\/\/staging.nbg.eu\/da\/vare\/dillon-daa-klik-justerbar-krudt-knop-v2\/","title":{"rendered":"Dillon &#8211; Daa Klik-Justerbar Krudt Knop V2"},"content":{"rendered":"<div class=\"product-description\">\n<h2>Dillon &#8211; DAA Klik-justerbar Pulverknop V2<\/h2>\n<p>Opgrad\u00e9r din genladningsoplevelse med DAA Klik-justerbar Pulverknop V2, det forbedrede andet-generations tilbud fra DAA. Denne pr\u00e6cisionsfremstillede knop har f\u00f8lgende egenskaber:<\/p>\n<ul>\n<li>Todelt aluminiumskonstruktion for nem montering<\/li>\n<li>32mm rund, maskinforarbejdet aluminiumsknop med lasergravering<\/li>\n<li>Riflet yderkant for forbedret greb og kontrol<\/li>\n<li>H\u00f8rbare klik for n\u00f8jagtige 18-graders justeringer<\/li>\n<li>20 klik pr. rotation for pr\u00e6cis pulverdosering<\/li>\n<li>Lasergraveret skala, der indikerer for\u00f8gelse\/formindskelse af dosis<\/li>\n<li>Kompatibel med sm\u00e5 Dillon doseringsst\u00e6nger (ikke til store riffel doseringsst\u00e6nger)<\/li>\n<\/ul>\n<p>Install\u00e9r og just\u00e9r dine pulverdoseringer uden besv\u00e6r med denne elegante, funktionelle og brugervenlige knop. Opgrad\u00e9r dit genladningsudstyr i dag!<\/p>\n<\/div>\n","protected":false},"excerpt":{"rendered":"<p>Pr\u00e6cis, brugervenlig justering af krudtladning til Dillon presser.<\/p>\n","protected":false},"featured_media":27048,"template":"","meta":{"_acf_changed":false},"product_brand":[11266],"product_cat":[13135,13089],"product_tag":[],"class_list":{"0":"post-44950","1":"product","2":"type-product","3":"status-publish","4":"has-post-thumbnail","6":"product_brand-doublealpha","7":"product_cat-genladning","8":"product_cat-genladningstilbehor","10":"first","11":"outofstock","12":"taxable","13":"shipping-taxable","14":"purchasable","15":"product-type-simple"},"acf":[],"_links":{"self":[{"href":"https:\/\/staging.nbg.eu\/da\/wp-json\/wp\/v2\/product\/44950","targetHints":{"allow":["GET"]}}],"collection":[{"href":"https:\/\/staging.nbg.eu\/da\/wp-json\/wp\/v2\/product"}],"about":[{"href":"https:\/\/staging.nbg.eu\/da\/wp-json\/wp\/v2\/types\/product"}],"wp:featuredmedia":[{"embeddable":true,"href":"https:\/\/staging.nbg.eu\/da\/wp-json\/wp\/v2\/media\/27048"}],"wp:attachment":[{"href":"https:\/\/staging.nbg.eu\/da\/wp-json\/wp\/v2\/media?parent=44950"}],"wp:term":[{"taxonomy":"product_brand","embeddable":true,"href":"https:\/\/staging.nbg.eu\/da\/wp-json\/wp\/v2\/product_brand?post=44950"},{"taxonomy":"product_cat","embeddable":true,"href":"https:\/\/staging.nbg.eu\/da\/wp-json\/wp\/v2\/product_cat?post=44950"},{"taxonomy":"product_tag","embeddable":true,"href":"https:\/\/staging.nbg.eu\/da\/wp-json\/wp\/v2\/product_tag?post=44950"}],"curies":[{"name":"wp","href":"https:\/\/api.w.org\/{rel}","templated":true}]}}