{"id":44928,"date":"2024-08-18T09:31:43","date_gmt":"2024-08-18T09:31:43","guid":{"rendered":"https:\/\/staging.nbg.eu\/product\/daa-reloading-hex-key-set\/"},"modified":"2024-09-10T11:35:31","modified_gmt":"2024-09-10T11:35:31","slug":"daa-genladnings-sekskant-noglesaet","status":"publish","type":"product","link":"https:\/\/staging.nbg.eu\/da\/vare\/daa-genladnings-sekskant-noglesaet\/","title":{"rendered":"Daa Genladnings Sekskant N\u00f8gles\u00e6t"},"content":{"rendered":"<p>Forbedre din genladningsoplevelse med DAA Reloading Hex Key Set. Dette 7-deles s\u00e6t med lange unbrakon\u00f8gler med kugleende har f\u00f8lgende egenskaber:<\/p>\n<ul>\n<li>Konstruktion af h\u00f8j kvalitet<\/li>\n<li>Klare r\u00f8de vinylbelagte skuldre for synlighed<\/li>\n<li>Perfekt til Dillon og andre amerikansk-producerede presser<\/li>\n<li>St\u00f8rrelser: 5\/64&#8243;, 3\/32&#8243;, 1\/8&#8243;, 9\/64&#8243;, 5\/32&#8243;, 3\/16&#8243;, 1\/4&#8243;<\/li>\n<\/ul>\n<p>Ideel f\u00f8lgesvend til DAA Reloading-Press Tool Holder.<\/p>\n","protected":false},"excerpt":{"rendered":"<p>7-delt unbrakon\u00f8gles\u00e6t med kugleender til amerikanske genladningspressere. R\u00f8d vinyl.<\/p>\n","protected":false},"featured_media":27140,"template":"","meta":{"_acf_changed":false},"product_brand":[11266],"product_cat":[13135,13089],"product_tag":[],"class_list":{"0":"post-44928","1":"product","2":"type-product","3":"status-publish","4":"has-post-thumbnail","6":"product_brand-doublealpha","7":"product_cat-genladning","8":"product_cat-genladningstilbehor","10":"first","11":"outofstock","12":"taxable","13":"shipping-taxable","14":"purchasable","15":"product-type-simple"},"acf":[],"_links":{"self":[{"href":"https:\/\/staging.nbg.eu\/da\/wp-json\/wp\/v2\/product\/44928","targetHints":{"allow":["GET"]}}],"collection":[{"href":"https:\/\/staging.nbg.eu\/da\/wp-json\/wp\/v2\/product"}],"about":[{"href":"https:\/\/staging.nbg.eu\/da\/wp-json\/wp\/v2\/types\/product"}],"wp:featuredmedia":[{"embeddable":true,"href":"https:\/\/staging.nbg.eu\/da\/wp-json\/wp\/v2\/media\/27140"}],"wp:attachment":[{"href":"https:\/\/staging.nbg.eu\/da\/wp-json\/wp\/v2\/media?parent=44928"}],"wp:term":[{"taxonomy":"product_brand","embeddable":true,"href":"https:\/\/staging.nbg.eu\/da\/wp-json\/wp\/v2\/product_brand?post=44928"},{"taxonomy":"product_cat","embeddable":true,"href":"https:\/\/staging.nbg.eu\/da\/wp-json\/wp\/v2\/product_cat?post=44928"},{"taxonomy":"product_tag","embeddable":true,"href":"https:\/\/staging.nbg.eu\/da\/wp-json\/wp\/v2\/product_tag?post=44928"}],"curies":[{"name":"wp","href":"https:\/\/api.w.org\/{rel}","templated":true}]}}