{"id":44884,"date":"2024-08-18T09:33:06","date_gmt":"2024-08-18T09:33:06","guid":{"rendered":"https:\/\/staging.nbg.eu\/product\/daa-hard-case-medium-300\/"},"modified":"2024-09-10T11:26:39","modified_gmt":"2024-09-10T11:26:39","slug":"daa-hard-case-medium-300","status":"publish","type":"product","link":"https:\/\/staging.nbg.eu\/da\/vare\/daa-hard-case-medium-300\/","title":{"rendered":"Daa Hard Case Medium &#8211; 300"},"content":{"rendered":"<div class=\"product-description\">\n<h2>DAA Hard Case Medium &#8211; 300<\/h2>\n<p>Den IP67-certificerede DAA Hard Case Medium-300 tilbyder uovertruffen beskyttelse til dine skydev\u00e5ben og v\u00e6rdifuldt udstyr. Designet til holdbarhed og p\u00e5lidelighed er denne kuffert perfekt til forskellige anvendelser, herunder marine, fotografi, jagt og meget mere.<\/p>\n<h3>N\u00f8glefunktioner:<\/h3>\n<ul>\n<li>Vandt\u00e6t forsegling og automatisk trykaflastningsventil<\/li>\n<li>Dobbelte l\u00e5semekanismer og h\u00e6ngel\u00e5shuller for sikkerhed<\/li>\n<li>Stabelt sammenl\u00e5sningssystem<\/li>\n<li>Pick N Pluck skumindretning til tilpasset beskyttelse<\/li>\n<li>F\u00e5s i Sort eller Orange<\/li>\n<\/ul>\n<h3>Specifikationer:<\/h3>\n<ul>\n<li>Udvendige m\u00e5l: 336 x 300 x 148 mm<\/li>\n<li>Indvendige m\u00e5l: 300 x 225 x 132 mm<\/li>\n<li>V\u00e6gt: 1,75 kg<\/li>\n<\/ul>\n<p>Ideel til transport af skydev\u00e5ben, sikrer DAA Hard Case Medium-300, at dit v\u00e6rdifulde udstyr forbliver sikkert og beskyttet i ethvert milj\u00f8.<\/p>\n<\/div>\n","protected":false},"excerpt":{"rendered":"<p>Holdbart IP67-etui til skydev\u00e5ben. Vandt\u00e6t, st\u00f8vt\u00e6t, st\u00f8dresistent.<\/p>\n","protected":false},"featured_media":27209,"template":"","meta":{"_acf_changed":false},"product_brand":[11266],"product_cat":[13128,13106],"product_tag":[],"class_list":{"0":"post-44884","1":"product","2":"type-product","3":"status-publish","4":"has-post-thumbnail","6":"product_brand-doublealpha","7":"product_cat-transportkufferter","8":"product_cat-udstyr","10":"first","11":"outofstock","12":"taxable","13":"shipping-taxable","14":"purchasable","15":"product-type-simple"},"acf":[],"_links":{"self":[{"href":"https:\/\/staging.nbg.eu\/da\/wp-json\/wp\/v2\/product\/44884","targetHints":{"allow":["GET"]}}],"collection":[{"href":"https:\/\/staging.nbg.eu\/da\/wp-json\/wp\/v2\/product"}],"about":[{"href":"https:\/\/staging.nbg.eu\/da\/wp-json\/wp\/v2\/types\/product"}],"wp:featuredmedia":[{"embeddable":true,"href":"https:\/\/staging.nbg.eu\/da\/wp-json\/wp\/v2\/media\/27209"}],"wp:attachment":[{"href":"https:\/\/staging.nbg.eu\/da\/wp-json\/wp\/v2\/media?parent=44884"}],"wp:term":[{"taxonomy":"product_brand","embeddable":true,"href":"https:\/\/staging.nbg.eu\/da\/wp-json\/wp\/v2\/product_brand?post=44884"},{"taxonomy":"product_cat","embeddable":true,"href":"https:\/\/staging.nbg.eu\/da\/wp-json\/wp\/v2\/product_cat?post=44884"},{"taxonomy":"product_tag","embeddable":true,"href":"https:\/\/staging.nbg.eu\/da\/wp-json\/wp\/v2\/product_tag?post=44884"}],"curies":[{"name":"wp","href":"https:\/\/api.w.org\/{rel}","templated":true}]}}