{"id":44840,"date":"2024-08-18T09:33:44","date_gmt":"2024-08-18T09:33:44","guid":{"rendered":"https:\/\/staging.nbg.eu\/product\/pro-grip-lotion-2oz\/"},"modified":"2024-09-10T11:15:00","modified_gmt":"2024-09-10T11:15:00","slug":"pro-grip-lotion-2oz","status":"publish","type":"product","link":"https:\/\/staging.nbg.eu\/da\/vare\/pro-grip-lotion-2oz\/","title":{"rendered":"Pro Grip Lotion 2Oz"},"content":{"rendered":"<p>\nForbedre din skydeevne med Pro Grip Lotion 2Oz. Betroet af mestre som Jerry Barnhart, Todd Jarrett og Saul Kirsch, overg\u00e5r denne praktisk emballerede lotion b\u00e5de harpiks og kridt. Oplev overlegen greb, v\u00e5benkontrol og hurtigere restitutionstider. Et must-have i enhver skyttes taske, Pro Grip er det hemmelige v\u00e5ben for succes i action-skydning.<\/p>\n","protected":false},"excerpt":{"rendered":"<p>Pro Grip: Mesterskabsgodkendt lotion til overlegen v\u00e5benkontrol.<\/p>\n","protected":false},"featured_media":27278,"template":"","meta":{"_acf_changed":false},"product_brand":[11266],"product_cat":[13093,13126,13106],"product_tag":[],"class_list":{"0":"post-44840","1":"product","2":"type-product","3":"status-publish","4":"has-post-thumbnail","6":"product_brand-doublealpha","7":"product_cat-hylster","8":"product_cat-hylstertilbehor","9":"product_cat-udstyr","11":"first","12":"instock","13":"taxable","14":"shipping-taxable","15":"purchasable","16":"product-type-simple"},"acf":[],"_links":{"self":[{"href":"https:\/\/staging.nbg.eu\/da\/wp-json\/wp\/v2\/product\/44840","targetHints":{"allow":["GET"]}}],"collection":[{"href":"https:\/\/staging.nbg.eu\/da\/wp-json\/wp\/v2\/product"}],"about":[{"href":"https:\/\/staging.nbg.eu\/da\/wp-json\/wp\/v2\/types\/product"}],"wp:featuredmedia":[{"embeddable":true,"href":"https:\/\/staging.nbg.eu\/da\/wp-json\/wp\/v2\/media\/27278"}],"wp:attachment":[{"href":"https:\/\/staging.nbg.eu\/da\/wp-json\/wp\/v2\/media?parent=44840"}],"wp:term":[{"taxonomy":"product_brand","embeddable":true,"href":"https:\/\/staging.nbg.eu\/da\/wp-json\/wp\/v2\/product_brand?post=44840"},{"taxonomy":"product_cat","embeddable":true,"href":"https:\/\/staging.nbg.eu\/da\/wp-json\/wp\/v2\/product_cat?post=44840"},{"taxonomy":"product_tag","embeddable":true,"href":"https:\/\/staging.nbg.eu\/da\/wp-json\/wp\/v2\/product_tag?post=44840"}],"curies":[{"name":"wp","href":"https:\/\/api.w.org\/{rel}","templated":true}]}}