{"id":44796,"date":"2024-08-18T09:35:16","date_gmt":"2024-08-18T09:35:16","guid":{"rendered":"https:\/\/staging.nbg.eu\/product\/daa-4-pack-magnetic-collars-for-primer-tube\/"},"modified":"2024-09-10T11:05:36","modified_gmt":"2024-09-10T11:05:36","slug":"daa-4-pak-magnetiske-kraver-til-primer-ror","status":"publish","type":"product","link":"https:\/\/staging.nbg.eu\/da\/vare\/daa-4-pak-magnetiske-kraver-til-primer-ror\/","title":{"rendered":"Daa 4-Pak Magnetiske Kraver Til Primer R\u00f8r"},"content":{"rendered":"<div class=\"product-description\">\n<h2>DAA 4-Pak Magnetiske Kraver Til F\u00e6ngh\u00e6tter\u00f8r<\/h2>\n<p>Forbedr din genladningseffektivitet med DAA 4-Pak Magnetiske Kraver, der er specielt designet til brug med Dillon opsamlingsr\u00f8r og PRIMER-PRO f\u00e6ngh\u00e6tteanordningen.<\/p>\n<ul>\n<li>S\u00e6ttet indeholder 4 polymerkraver med sikrede magneter og stilleskruer<\/li>\n<li>Kompatible med Dillon f\u00e6ngh\u00e6tter\u00f8r<\/li>\n<li>Ideelle til at forfylde flere r\u00f8r f\u00f8r genladningssessioner<\/li>\n<li>Eliminerer behovet for hyppigt at vende tilbage til PRIMER-PRO enheden<\/li>\n<li>Perfekt supplement til PRIMER-PRO, som leveres med \u00e9n magnetisk krave<\/li>\n<\/ul>\n<p><strong>Bem\u00e6rk:<\/strong> F\u00e6ngh\u00e6tter\u00f8r er IKKE inkluderet.<\/p>\n<p>Optimer din genladningsproces og spar tid med disse ekstra magnetiske kraver, der giver dig mulighed for at forberede flere f\u00e6ngh\u00e6tter\u00f8r p\u00e5 forh\u00e5nd.<\/p>\n<\/div>\n","protected":false},"excerpt":{"rendered":"<p>4 magnetiske kraver til Dillon-t\u00e6ndstiftr\u00f8r. Bruges sammen med PRIMER-PRO.<\/p>\n","protected":false},"featured_media":27347,"template":"","meta":{"_acf_changed":false},"product_brand":[11266],"product_cat":[13135,13089],"product_tag":[],"class_list":{"0":"post-44796","1":"product","2":"type-product","3":"status-publish","4":"has-post-thumbnail","6":"product_brand-doublealpha","7":"product_cat-genladning","8":"product_cat-genladningstilbehor","10":"first","11":"outofstock","12":"taxable","13":"shipping-taxable","14":"purchasable","15":"product-type-simple"},"acf":[],"_links":{"self":[{"href":"https:\/\/staging.nbg.eu\/da\/wp-json\/wp\/v2\/product\/44796","targetHints":{"allow":["GET"]}}],"collection":[{"href":"https:\/\/staging.nbg.eu\/da\/wp-json\/wp\/v2\/product"}],"about":[{"href":"https:\/\/staging.nbg.eu\/da\/wp-json\/wp\/v2\/types\/product"}],"wp:featuredmedia":[{"embeddable":true,"href":"https:\/\/staging.nbg.eu\/da\/wp-json\/wp\/v2\/media\/27347"}],"wp:attachment":[{"href":"https:\/\/staging.nbg.eu\/da\/wp-json\/wp\/v2\/media?parent=44796"}],"wp:term":[{"taxonomy":"product_brand","embeddable":true,"href":"https:\/\/staging.nbg.eu\/da\/wp-json\/wp\/v2\/product_brand?post=44796"},{"taxonomy":"product_cat","embeddable":true,"href":"https:\/\/staging.nbg.eu\/da\/wp-json\/wp\/v2\/product_cat?post=44796"},{"taxonomy":"product_tag","embeddable":true,"href":"https:\/\/staging.nbg.eu\/da\/wp-json\/wp\/v2\/product_tag?post=44796"}],"curies":[{"name":"wp","href":"https:\/\/api.w.org\/{rel}","templated":true}]}}