{"id":44726,"date":"2024-08-18T09:36:04","date_gmt":"2024-08-18T09:36:04","guid":{"rendered":"https:\/\/staging.nbg.eu\/product\/lynx-belt-buckle-roll-pins-50bag\/"},"modified":"2024-09-10T09:19:17","modified_gmt":"2024-09-10T09:19:17","slug":"lynx-baeltespaende-rullestifter-50-stk","status":"publish","type":"product","link":"https:\/\/staging.nbg.eu\/da\/vare\/lynx-baeltespaende-rullestifter-50-stk\/","title":{"rendered":"Lynx B\u00e6ltesp\u00e6nde Rullestifter (50 Stk)"},"content":{"rendered":"<p>\nUdskiftningsstifter til Lynx-b\u00e6ltesp\u00e6nder. Pakke med 50 stifter. Uundv\u00e6rlige til samling og reparation af Lynx-b\u00e6lter. Sikrer en sikker pasform for dit Lynx-sp\u00e6nde.<\/p>\n","protected":false},"excerpt":{"rendered":"<p>Lynx b\u00e6ltesp\u00e6nde ruller (50\/pose): Ekstra ruller til dine Lynx b\u00e6lter.<\/p>\n","protected":false},"featured_media":27439,"template":"","meta":{"_acf_changed":false},"product_brand":[11266],"product_cat":[13109,13106],"product_tag":[],"class_list":{"0":"post-44726","1":"product","2":"type-product","3":"status-publish","4":"has-post-thumbnail","6":"product_brand-doublealpha","7":"product_cat-sportsbaelter","8":"product_cat-udstyr","10":"first","11":"instock","12":"taxable","13":"shipping-taxable","14":"purchasable","15":"product-type-simple"},"acf":[],"_links":{"self":[{"href":"https:\/\/staging.nbg.eu\/da\/wp-json\/wp\/v2\/product\/44726","targetHints":{"allow":["GET"]}}],"collection":[{"href":"https:\/\/staging.nbg.eu\/da\/wp-json\/wp\/v2\/product"}],"about":[{"href":"https:\/\/staging.nbg.eu\/da\/wp-json\/wp\/v2\/types\/product"}],"wp:featuredmedia":[{"embeddable":true,"href":"https:\/\/staging.nbg.eu\/da\/wp-json\/wp\/v2\/media\/27439"}],"wp:attachment":[{"href":"https:\/\/staging.nbg.eu\/da\/wp-json\/wp\/v2\/media?parent=44726"}],"wp:term":[{"taxonomy":"product_brand","embeddable":true,"href":"https:\/\/staging.nbg.eu\/da\/wp-json\/wp\/v2\/product_brand?post=44726"},{"taxonomy":"product_cat","embeddable":true,"href":"https:\/\/staging.nbg.eu\/da\/wp-json\/wp\/v2\/product_cat?post=44726"},{"taxonomy":"product_tag","embeddable":true,"href":"https:\/\/staging.nbg.eu\/da\/wp-json\/wp\/v2\/product_tag?post=44726"}],"curies":[{"name":"wp","href":"https:\/\/api.w.org\/{rel}","templated":true}]}}