{"id":44704,"date":"2024-08-18T09:36:21","date_gmt":"2024-08-18T09:36:21","guid":{"rendered":"https:\/\/staging.nbg.eu\/product\/ced-deluxe-quick-patch-tape-gun\/"},"modified":"2024-09-10T09:15:51","modified_gmt":"2024-09-10T09:15:51","slug":"ced-deluxe-quick-patch-tape-pistol","status":"publish","type":"product","link":"https:\/\/staging.nbg.eu\/da\/vare\/ced-deluxe-quick-patch-tape-pistol\/","title":{"rendered":"Ced Deluxe Quick Patch Tape Pistol"},"content":{"rendered":"<p>Pr\u00e6senterer CED Deluxe Quick Patch Tape Gun: Den ultimative l\u00f8sning til at lappe m\u00e5ltavlehuller!<\/p>\n<ul>\n<li>Hurtigere og nemmere end manuel lapning<\/li>\n<li>Kompatibel med de fleste full-size lapper<\/li>\n<li>Enkel klem-og-slip funktion<\/li>\n<li>Let at sigte, bruge og genoplade<\/li>\n<li>\u00d8ger effektiviteten og sparer tid<\/li>\n<li>Sjov og ubesv\u00e6ret at bruge<\/li>\n<\/ul>\n<p>Opgrad\u00e9r din m\u00e5lskydning med CED Deluxe Tape Gun &#8211; det alt-i-\u00e9t v\u00e6rkt\u00f8j til hurtig og effektiv lapning!<\/p>\n","protected":false},"excerpt":{"rendered":"<p>Effektivt v\u00e6rkt\u00f8j til m\u00e5lflikning. Let at bruge, lade og sigte med. Sjovt!<\/p>\n","protected":false},"featured_media":27508,"template":"","meta":{"_acf_changed":false},"product_brand":[11266],"product_cat":[13112,13104,13137],"product_tag":[],"class_list":{"0":"post-44704","1":"product","2":"type-product","3":"status-publish","4":"has-post-thumbnail","6":"product_brand-doublealpha","7":"product_cat-papirskiver","8":"product_cat-pletter-og-pletpistoler","9":"product_cat-skydeskiver","11":"first","12":"instock","13":"taxable","14":"shipping-taxable","15":"purchasable","16":"product-type-simple"},"acf":[],"_links":{"self":[{"href":"https:\/\/staging.nbg.eu\/da\/wp-json\/wp\/v2\/product\/44704","targetHints":{"allow":["GET"]}}],"collection":[{"href":"https:\/\/staging.nbg.eu\/da\/wp-json\/wp\/v2\/product"}],"about":[{"href":"https:\/\/staging.nbg.eu\/da\/wp-json\/wp\/v2\/types\/product"}],"wp:featuredmedia":[{"embeddable":true,"href":"https:\/\/staging.nbg.eu\/da\/wp-json\/wp\/v2\/media\/27508"}],"wp:attachment":[{"href":"https:\/\/staging.nbg.eu\/da\/wp-json\/wp\/v2\/media?parent=44704"}],"wp:term":[{"taxonomy":"product_brand","embeddable":true,"href":"https:\/\/staging.nbg.eu\/da\/wp-json\/wp\/v2\/product_brand?post=44704"},{"taxonomy":"product_cat","embeddable":true,"href":"https:\/\/staging.nbg.eu\/da\/wp-json\/wp\/v2\/product_cat?post=44704"},{"taxonomy":"product_tag","embeddable":true,"href":"https:\/\/staging.nbg.eu\/da\/wp-json\/wp\/v2\/product_tag?post=44704"}],"curies":[{"name":"wp","href":"https:\/\/api.w.org\/{rel}","templated":true}]}}