{"id":44660,"date":"2024-08-18T09:37:01","date_gmt":"2024-08-18T09:37:01","guid":{"rendered":"https:\/\/staging.nbg.eu\/product\/daa-carry-it-all-cia-backpack\/"},"modified":"2024-09-10T09:08:24","modified_gmt":"2024-09-10T09:08:24","slug":"daa-carry-it-all-cia-rygsaek","status":"publish","type":"product","link":"https:\/\/staging.nbg.eu\/da\/vare\/daa-carry-it-all-cia-rygsaek\/","title":{"rendered":"Daa Carry It All (Cia) Rygs\u00e6k"},"content":{"rendered":"<h2>DAA Carry It All (CIA) Rygs\u00e6k<\/h2>\n<p>Den ultimative skydebane-ledsager for dedikerede IPSC-skytter. Double-Alpha CIA Rygs\u00e6kken er designet til at opfylde og overg\u00e5 dine forventninger.<\/p>\n<h2>N\u00f8glefunktioner:<\/h2>\n<ul>\n<li>Holdbart D600 Cordura-materiale med vandafvisende egenskaber<\/li>\n<li>Hypalon-foret bund for ekstra beskyttelse<\/li>\n<li>Velcro-foret indvendig side for tilpasset opbevaring<\/li>\n<li>Aftagelig midterinddeling<\/li>\n<li>Rummelig \u00f8vre frontlomme til h\u00f8rev\u00e6rn<\/li>\n<li>Ekstern Velcro-panel til personlig tilpasning<\/li>\n<li>MOLLE-stropper til yderligere tilbeh\u00f8r<\/li>\n<li>Komfortable, aftagelige skulderstropper<\/li>\n<li>Ergonomisk design for optimal v\u00e6gtfordeling<\/li>\n<\/ul>\n<h2>Specifikationer:<\/h2>\n<ul>\n<li>M\u00e5l: 42B x 27D x 56H cm<\/li>\n<li>Kapacitet: Ca. 37L<\/li>\n<li>V\u00e6gt: 2,8 kg<\/li>\n<li>Farve: Sort<\/li>\n<\/ul>\n<p>Oplev den perfekte kombination af holdbarhed, funktionalitet og komfort med DAA CIA Rygs\u00e6kken \u2013 dit essentielle udstyr til \u00e5rs p\u00e5lidelig tjeneste p\u00e5 skydebanen.<\/p>\n","protected":false},"excerpt":{"rendered":"<p>DAA CIA Rygs\u00e6k: Holdbar, alsidig taske til IPSC-skytter.<\/p>\n","protected":false},"featured_media":27761,"template":"","meta":{"_acf_changed":false},"product_brand":[11266],"product_cat":[13152,13106],"product_tag":[],"class_list":{"0":"post-44660","1":"product","2":"type-product","3":"status-publish","4":"has-post-thumbnail","6":"product_brand-doublealpha","7":"product_cat-standposertasker","8":"product_cat-udstyr","10":"first","11":"outofstock","12":"taxable","13":"shipping-taxable","14":"purchasable","15":"product-type-simple"},"acf":[],"_links":{"self":[{"href":"https:\/\/staging.nbg.eu\/da\/wp-json\/wp\/v2\/product\/44660","targetHints":{"allow":["GET"]}}],"collection":[{"href":"https:\/\/staging.nbg.eu\/da\/wp-json\/wp\/v2\/product"}],"about":[{"href":"https:\/\/staging.nbg.eu\/da\/wp-json\/wp\/v2\/types\/product"}],"wp:featuredmedia":[{"embeddable":true,"href":"https:\/\/staging.nbg.eu\/da\/wp-json\/wp\/v2\/media\/27761"}],"wp:attachment":[{"href":"https:\/\/staging.nbg.eu\/da\/wp-json\/wp\/v2\/media?parent=44660"}],"wp:term":[{"taxonomy":"product_brand","embeddable":true,"href":"https:\/\/staging.nbg.eu\/da\/wp-json\/wp\/v2\/product_brand?post=44660"},{"taxonomy":"product_cat","embeddable":true,"href":"https:\/\/staging.nbg.eu\/da\/wp-json\/wp\/v2\/product_cat?post=44660"},{"taxonomy":"product_tag","embeddable":true,"href":"https:\/\/staging.nbg.eu\/da\/wp-json\/wp\/v2\/product_tag?post=44660"}],"curies":[{"name":"wp","href":"https:\/\/api.w.org\/{rel}","templated":true}]}}