{"id":44638,"date":"2024-08-18T09:37:34","date_gmt":"2024-09-10T09:02:52","guid":{"rendered":"https:\/\/staging.nbg.eu\/product\/flex-holster-spare-slide-lock-teeth-set\/"},"modified":"2024-09-10T09:03:28","modified_gmt":"2024-09-10T09:03:28","slug":"flex-holster-ekstra-skyde-las-taender-saet","status":"publish","type":"product","link":"https:\/\/staging.nbg.eu\/da\/vare\/flex-holster-ekstra-skyde-las-taender-saet\/","title":{"rendered":"Flex Holster &#8211; Ekstra Skyde-L\u00e5s T\u00e6nder S\u00e6t"},"content":{"rendered":"<div class=\"product-description\">\n<h2>Flex Hylster &#8211; Ekstra S\u00e6t Slide-Lock T\u00e6nder<\/h2>\n<p>Opgrad\u00e9r dit Flex-hylster med dette udskiftningss\u00e6t af r\u00f8de Slide-lock t\u00e6nder. Kompatibelt med b\u00e5de A-type og B-type indsatsblokke, indeholder dette s\u00e6t:<\/p>\n<ul>\n<li>R\u00f8de Slide-lock t\u00e6nder<\/li>\n<li>Monteringsdele (skruer og m\u00f8trikker)<\/li>\n<\/ul>\n<p>Opgrad\u00e9r eller udskift nemt dine eksisterende t\u00e6nder for optimal ydelse og sikker pasform.<\/p>\n<\/div>\n","protected":false},"excerpt":{"rendered":"<p>Udskiftelige r\u00f8de glidel\u00e5s-t\u00e6nder til Flex-hylster, med tilbeh\u00f8r.<\/p>\n","protected":false},"featured_media":30494,"template":"","meta":{"_acf_changed":false},"product_brand":[11266],"product_cat":[13093,13126,13131],"product_tag":[],"class_list":{"0":"post-44638","1":"product","2":"type-product","3":"status-publish","4":"has-post-thumbnail","6":"product_brand-doublealpha","7":"product_cat-hylster","8":"product_cat-hylstertilbehor","9":"product_cat-sporthylster","11":"first","12":"instock","13":"taxable","14":"shipping-taxable","15":"purchasable","16":"product-type-simple"},"acf":[],"_links":{"self":[{"href":"https:\/\/staging.nbg.eu\/da\/wp-json\/wp\/v2\/product\/44638","targetHints":{"allow":["GET"]}}],"collection":[{"href":"https:\/\/staging.nbg.eu\/da\/wp-json\/wp\/v2\/product"}],"about":[{"href":"https:\/\/staging.nbg.eu\/da\/wp-json\/wp\/v2\/types\/product"}],"wp:featuredmedia":[{"embeddable":true,"href":"https:\/\/staging.nbg.eu\/da\/wp-json\/wp\/v2\/media\/30494"}],"wp:attachment":[{"href":"https:\/\/staging.nbg.eu\/da\/wp-json\/wp\/v2\/media?parent=44638"}],"wp:term":[{"taxonomy":"product_brand","embeddable":true,"href":"https:\/\/staging.nbg.eu\/da\/wp-json\/wp\/v2\/product_brand?post=44638"},{"taxonomy":"product_cat","embeddable":true,"href":"https:\/\/staging.nbg.eu\/da\/wp-json\/wp\/v2\/product_cat?post=44638"},{"taxonomy":"product_tag","embeddable":true,"href":"https:\/\/staging.nbg.eu\/da\/wp-json\/wp\/v2\/product_tag?post=44638"}],"curies":[{"name":"wp","href":"https:\/\/api.w.org\/{rel}","templated":true}]}}